{"id":1339,"date":"2019-10-04T08:40:49","date_gmt":"2019-11-04T15:29:25","guid":{"rendered":"https:\/\/www.aoste.be\/product\/authentique-filet-de-poulet\/"},"modified":"2023-01-23T11:09:29","modified_gmt":"2023-01-23T09:09:29","slug":"authentique-filet-de-poulet","status":"publish","type":"product","link":"https:\/\/www.aoste.be\/fr\/produit\/authentique-filet-de-poulet\/","title":{"rendered":"Filet de poulet"},"content":{"rendered":"<p>Le filet de poulet Aoste se compose \u00e0 100\u00a0% de filet de poulet frais \u2013 le meilleur du poulet \u2013 pour vous faire savourer imm\u00e9diatement le vrai go\u00fbt du poulet, ce qui rend totalement superflus les exhausteurs de go\u00fbt. Une cuisson longue garantit des saveurs douces et pleines. Les filets sont ensuite r\u00f4tis, comme le poulet \u00e0 la broche. Pour un filet parfaitement r\u00f4ti, sans aromatisants. Irr\u00e9sistiblement d\u00e9licieux ! Disponible dans un emballage pratique et refermable de 6 tranches.<\/p>\n","protected":false},"excerpt":{"rendered":"<p>Le filet de poulet Aoste se compose \u00e0 100\u00a0% de filet de poulet frais \u2013 le meilleur du poulet \u2013 pour vous faire savourer imm\u00e9diatement le vrai go\u00fbt du poulet, ce qui rend totalement superflus les exhausteurs de go\u00fbt. Une cuisson longue garantit des saveurs [&hellip;]<\/p>\n","protected":false},"featured_media":5556,"template":"","meta":[],"product_cat":[44,67],"product_tag":[],"acf":[],"yoast_head":"<!-- This site is optimized with the Yoast SEO plugin v21.1 - https:\/\/yoast.com\/wordpress\/plugins\/seo\/ -->\n<title>Filet de poulet | Aoste<\/title>\n<meta name=\"robots\" content=\"index, follow, max-snippet:-1, max-image-preview:large, max-video-preview:-1\" \/>\n<link rel=\"canonical\" href=\"https:\/\/www.aoste.be\/fr\/produit\/authentique-filet-de-poulet\/\" \/>\n<meta property=\"og:locale\" content=\"fr_FR\" \/>\n<meta property=\"og:type\" content=\"article\" \/>\n<meta property=\"og:title\" content=\"Filet de poulet | Aoste\" \/>\n<meta property=\"og:description\" content=\"Le filet de poulet Aoste se compose \u00e0 100\u00a0% de filet de poulet frais \u2013 le meilleur du poulet \u2013 pour vous faire savourer imm\u00e9diatement le vrai go\u00fbt du poulet, ce qui rend totalement superflus les exhausteurs de go\u00fbt. Une cuisson longue garantit des saveurs [&hellip;]\" \/>\n<meta property=\"og:url\" content=\"https:\/\/www.aoste.be\/fr\/produit\/authentique-filet-de-poulet\/\" \/>\n<meta property=\"og:site_name\" content=\"Aoste\" \/>\n<meta property=\"article:publisher\" content=\"https:\/\/www.facebook.com\/Aoste.Belgium\/\" \/>\n<meta property=\"article:modified_time\" content=\"2023-01-23T09:09:29+00:00\" \/>\n<meta property=\"og:image\" content=\"https:\/\/www.aoste.be\/wp-content\/uploads\/2022\/03\/300\ufffd-KIPFILET_FR.png.png\" \/>\n\t<meta property=\"og:image:width\" content=\"750\" \/>\n\t<meta property=\"og:image:height\" content=\"750\" \/>\n\t<meta property=\"og:image:type\" content=\"image\/png\" \/>\n<meta name=\"twitter:card\" content=\"summary_large_image\" \/>\n<script type=\"application\/ld+json\" class=\"yoast-schema-graph\">{\"@context\":\"https:\/\/schema.org\",\"@graph\":[{\"@type\":\"WebPage\",\"@id\":\"https:\/\/www.aoste.be\/fr\/produit\/authentique-filet-de-poulet\/\",\"url\":\"https:\/\/www.aoste.be\/fr\/produit\/authentique-filet-de-poulet\/\",\"name\":\"Filet de poulet | Aoste\",\"isPartOf\":{\"@id\":\"https:\/\/www.aoste.be\/#website\"},\"datePublished\":\"2019-11-04T15:29:25+00:00\",\"dateModified\":\"2023-01-23T09:09:29+00:00\",\"breadcrumb\":{\"@id\":\"https:\/\/www.aoste.be\/fr\/produit\/authentique-filet-de-poulet\/#breadcrumb\"},\"inLanguage\":\"fr-FR\",\"potentialAction\":[{\"@type\":\"ReadAction\",\"target\":[\"https:\/\/www.aoste.be\/fr\/produit\/authentique-filet-de-poulet\/\"]}]},{\"@type\":\"BreadcrumbList\",\"@id\":\"https:\/\/www.aoste.be\/fr\/produit\/authentique-filet-de-poulet\/#breadcrumb\",\"itemListElement\":[{\"@type\":\"ListItem\",\"position\":1,\"name\":\"Home\",\"item\":\"https:\/\/www.aostecharcuterie.be\/fr\/\"},{\"@type\":\"ListItem\",\"position\":2,\"name\":\"Producten\",\"item\":\"https:\/\/www.aostecharcuterie.be\/shop\/\"},{\"@type\":\"ListItem\",\"position\":3,\"name\":\"Filet de poulet\"}]},{\"@type\":\"WebSite\",\"@id\":\"https:\/\/www.aoste.be\/#website\",\"url\":\"https:\/\/www.aoste.be\/\",\"name\":\"Aoste\",\"description\":\"Altijd bereid om beter te doen.\",\"publisher\":{\"@id\":\"https:\/\/www.aoste.be\/#organization\"},\"potentialAction\":[{\"@type\":\"SearchAction\",\"target\":{\"@type\":\"EntryPoint\",\"urlTemplate\":\"https:\/\/www.aoste.be\/?s={search_term_string}\"},\"query-input\":\"required name=search_term_string\"}],\"inLanguage\":\"fr-FR\"},{\"@type\":\"Organization\",\"@id\":\"https:\/\/www.aoste.be\/#organization\",\"name\":\"Aoste\",\"url\":\"https:\/\/www.aoste.be\/\",\"logo\":{\"@type\":\"ImageObject\",\"inLanguage\":\"fr-FR\",\"@id\":\"https:\/\/www.aoste.be\/#\/schema\/logo\/image\/\",\"url\":\"https:\/\/www.aostecharcuterie.be\/wp-content\/uploads\/2019\/11\/aoste_logo.png\",\"contentUrl\":\"https:\/\/www.aostecharcuterie.be\/wp-content\/uploads\/2019\/11\/aoste_logo.png\",\"width\":150,\"height\":150,\"caption\":\"Aoste\"},\"image\":{\"@id\":\"https:\/\/www.aoste.be\/#\/schema\/logo\/image\/\"},\"sameAs\":[\"https:\/\/www.facebook.com\/Aoste.Belgium\/\",\"https:\/\/www.instagram.com\/aoste.be\"]}]}<\/script>\n<!-- \/ Yoast SEO plugin. -->","yoast_head_json":{"title":"Filet de poulet | Aoste","robots":{"index":"index","follow":"follow","max-snippet":"max-snippet:-1","max-image-preview":"max-image-preview:large","max-video-preview":"max-video-preview:-1"},"canonical":"https:\/\/www.aoste.be\/fr\/produit\/authentique-filet-de-poulet\/","og_locale":"fr_FR","og_type":"article","og_title":"Filet de poulet | Aoste","og_description":"Le filet de poulet Aoste se compose \u00e0 100\u00a0% de filet de poulet frais \u2013 le meilleur du poulet \u2013 pour vous faire savourer imm\u00e9diatement le vrai go\u00fbt du poulet, ce qui rend totalement superflus les exhausteurs de go\u00fbt. Une cuisson longue garantit des saveurs [&hellip;]","og_url":"https:\/\/www.aoste.be\/fr\/produit\/authentique-filet-de-poulet\/","og_site_name":"Aoste","article_publisher":"https:\/\/www.facebook.com\/Aoste.Belgium\/","article_modified_time":"2023-01-23T09:09:29+00:00","og_image":[{"width":750,"height":750,"url":"https:\/\/www.aoste.be\/wp-content\/uploads\/2022\/03\/300\ufffd-KIPFILET_FR.png.png","type":"image\/png"}],"twitter_card":"summary_large_image","schema":{"@context":"https:\/\/schema.org","@graph":[{"@type":"WebPage","@id":"https:\/\/www.aoste.be\/fr\/produit\/authentique-filet-de-poulet\/","url":"https:\/\/www.aoste.be\/fr\/produit\/authentique-filet-de-poulet\/","name":"Filet de poulet | Aoste","isPartOf":{"@id":"https:\/\/www.aoste.be\/#website"},"datePublished":"2019-11-04T15:29:25+00:00","dateModified":"2023-01-23T09:09:29+00:00","breadcrumb":{"@id":"https:\/\/www.aoste.be\/fr\/produit\/authentique-filet-de-poulet\/#breadcrumb"},"inLanguage":"fr-FR","potentialAction":[{"@type":"ReadAction","target":["https:\/\/www.aoste.be\/fr\/produit\/authentique-filet-de-poulet\/"]}]},{"@type":"BreadcrumbList","@id":"https:\/\/www.aoste.be\/fr\/produit\/authentique-filet-de-poulet\/#breadcrumb","itemListElement":[{"@type":"ListItem","position":1,"name":"Home","item":"https:\/\/www.aostecharcuterie.be\/fr\/"},{"@type":"ListItem","position":2,"name":"Producten","item":"https:\/\/www.aostecharcuterie.be\/shop\/"},{"@type":"ListItem","position":3,"name":"Filet de poulet"}]},{"@type":"WebSite","@id":"https:\/\/www.aoste.be\/#website","url":"https:\/\/www.aoste.be\/","name":"Aoste","description":"Altijd bereid om beter te doen.","publisher":{"@id":"https:\/\/www.aoste.be\/#organization"},"potentialAction":[{"@type":"SearchAction","target":{"@type":"EntryPoint","urlTemplate":"https:\/\/www.aoste.be\/?s={search_term_string}"},"query-input":"required name=search_term_string"}],"inLanguage":"fr-FR"},{"@type":"Organization","@id":"https:\/\/www.aoste.be\/#organization","name":"Aoste","url":"https:\/\/www.aoste.be\/","logo":{"@type":"ImageObject","inLanguage":"fr-FR","@id":"https:\/\/www.aoste.be\/#\/schema\/logo\/image\/","url":"https:\/\/www.aostecharcuterie.be\/wp-content\/uploads\/2019\/11\/aoste_logo.png","contentUrl":"https:\/\/www.aostecharcuterie.be\/wp-content\/uploads\/2019\/11\/aoste_logo.png","width":150,"height":150,"caption":"Aoste"},"image":{"@id":"https:\/\/www.aoste.be\/#\/schema\/logo\/image\/"},"sameAs":["https:\/\/www.facebook.com\/Aoste.Belgium\/","https:\/\/www.instagram.com\/aoste.be"]}]}},"_links":{"self":[{"href":"https:\/\/www.aoste.be\/fr\/wp-json\/wp\/v2\/product\/1339"}],"collection":[{"href":"https:\/\/www.aoste.be\/fr\/wp-json\/wp\/v2\/product"}],"about":[{"href":"https:\/\/www.aoste.be\/fr\/wp-json\/wp\/v2\/types\/product"}],"wp:featuredmedia":[{"embeddable":true,"href":"https:\/\/www.aoste.be\/fr\/wp-json\/wp\/v2\/media\/5556"}],"wp:attachment":[{"href":"https:\/\/www.aoste.be\/fr\/wp-json\/wp\/v2\/media?parent=1339"}],"wp:term":[{"taxonomy":"product_cat","embeddable":true,"href":"https:\/\/www.aoste.be\/fr\/wp-json\/wp\/v2\/product_cat?post=1339"},{"taxonomy":"product_tag","embeddable":true,"href":"https:\/\/www.aoste.be\/fr\/wp-json\/wp\/v2\/product_tag?post=1339"}],"curies":[{"name":"wp","href":"https:\/\/api.w.org\/{rel}","templated":true}]}}