{"id":1384,"date":"2019-10-04T08:48:47","date_gmt":"2019-11-05T10:07:27","guid":{"rendered":"https:\/\/www.aoste.be\/product\/disney-mickey-saucissons-de-poulet\/"},"modified":"2022-04-08T15:28:17","modified_gmt":"2022-04-08T15:28:17","slug":"disney-mickey-saucissons-de-poulet","status":"publish","type":"product","link":"https:\/\/www.aoste.be\/fr\/produit\/disney-mickey-saucissons-de-poulet\/","title":{"rendered":"Aoste Disney Mickey Saucissons de poulet"},"content":{"rendered":"<p>Les parents veulent le meilleur pour leurs enfants, et Aoste ne peut \u00e9videmment pas faire moins. Parce qu&rsquo;un snack savoureux peut aussi \u00eatre bon pour la sant\u00e9! Le saucisson de poulet Mickey n&rsquo;a pas de colorants et est riche en prot\u00e9ins. Facile \u00e0 ouvrir, m\u00eame avec des petits mains!\u00a0Se conserve jusqu&rsquo;\u00e0\u00a012 h en dehors du frigo!Dans un filet pratique de 5 mini-saucissons.<\/p>\n","protected":false},"excerpt":{"rendered":"<p>Les parents veulent le meilleur pour leurs enfants, et Aoste ne peut \u00e9videmment pas faire moins. Parce qu&rsquo;un snack savoureux peut aussi \u00eatre bon pour la sant\u00e9! Le saucisson de poulet Mickey n&rsquo;a pas de colorants et est riche en prot\u00e9ins. Facile \u00e0 ouvrir, m\u00eame [&hellip;]<\/p>\n","protected":false},"featured_media":1385,"template":"","meta":[],"product_cat":[46],"product_tag":[],"acf":[],"yoast_head":"<!-- This site is optimized with the Yoast SEO plugin v21.1 - https:\/\/yoast.com\/wordpress\/plugins\/seo\/ -->\n<title>Aoste Disney Mickey Saucissons de poulet | Aoste<\/title>\n<meta name=\"description\" content=\"Les parents veulent le meilleur pour leurs enfants, et Aoste ne peut \u00e9videmment pas faire moins. Parce qu&#039;un snack savoureux peut aussi \u00eatre bon pour la sant\u00e9! Le saucisson de poulet Mickey n&#039;a pas de colorants et est riche en prot\u00e9ins. Facile \u00e0 ouvrir, m\u00eame avec des petits mains!\u00a0Se conserve jusqu&#039;\u00e0\u00a012 h en dehors du frigo!Dans un filet pratique de 5 mini-saucissons.\" \/>\n<meta name=\"robots\" content=\"index, follow, max-snippet:-1, max-image-preview:large, max-video-preview:-1\" \/>\n<link rel=\"canonical\" href=\"https:\/\/www.aoste.be\/fr\/produit\/disney-mickey-saucissons-de-poulet\/\" \/>\n<meta property=\"og:locale\" content=\"fr_FR\" \/>\n<meta property=\"og:type\" content=\"article\" \/>\n<meta property=\"og:title\" content=\"Aoste Disney Mickey Saucissons de poulet | Aoste\" \/>\n<meta property=\"og:description\" content=\"Les parents veulent le meilleur pour leurs enfants, et Aoste ne peut \u00e9videmment pas faire moins. Parce qu&#039;un snack savoureux peut aussi \u00eatre bon pour la sant\u00e9! Le saucisson de poulet Mickey n&#039;a pas de colorants et est riche en prot\u00e9ins. Facile \u00e0 ouvrir, m\u00eame avec des petits mains!\u00a0Se conserve jusqu&#039;\u00e0\u00a012 h en dehors du frigo!Dans un filet pratique de 5 mini-saucissons.\" \/>\n<meta property=\"og:url\" content=\"https:\/\/www.aoste.be\/fr\/produit\/disney-mickey-saucissons-de-poulet\/\" \/>\n<meta property=\"og:site_name\" content=\"Aoste\" \/>\n<meta property=\"article:publisher\" content=\"https:\/\/www.facebook.com\/Aoste.Belgium\/\" \/>\n<meta property=\"article:modified_time\" content=\"2022-04-08T15:28:17+00:00\" \/>\n<meta property=\"og:image\" content=\"https:\/\/www.aoste.be\/wp-content\/uploads\/2019\/10\/aoste_large_disney_mickey.png\" \/>\n\t<meta property=\"og:image:width\" content=\"545\" \/>\n\t<meta property=\"og:image:height\" content=\"545\" \/>\n\t<meta property=\"og:image:type\" content=\"image\/png\" \/>\n<meta name=\"twitter:card\" content=\"summary_large_image\" \/>\n<script type=\"application\/ld+json\" class=\"yoast-schema-graph\">{\"@context\":\"https:\/\/schema.org\",\"@graph\":[{\"@type\":\"WebPage\",\"@id\":\"https:\/\/www.aoste.be\/fr\/produit\/disney-mickey-saucissons-de-poulet\/\",\"url\":\"https:\/\/www.aoste.be\/fr\/produit\/disney-mickey-saucissons-de-poulet\/\",\"name\":\"Aoste Disney Mickey Saucissons de poulet | Aoste\",\"isPartOf\":{\"@id\":\"https:\/\/www.aoste.be\/#website\"},\"datePublished\":\"2019-11-05T10:07:27+00:00\",\"dateModified\":\"2022-04-08T15:28:17+00:00\",\"description\":\"Les parents veulent le meilleur pour leurs enfants, et Aoste ne peut \u00e9videmment pas faire moins. Parce qu'un snack savoureux peut aussi \u00eatre bon pour la sant\u00e9! Le saucisson de poulet Mickey n'a pas de colorants et est riche en prot\u00e9ins. Facile \u00e0 ouvrir, m\u00eame avec des petits mains!\u00a0Se conserve jusqu'\u00e0\u00a012 h en dehors du frigo!Dans un filet pratique de 5 mini-saucissons.\",\"breadcrumb\":{\"@id\":\"https:\/\/www.aoste.be\/fr\/produit\/disney-mickey-saucissons-de-poulet\/#breadcrumb\"},\"inLanguage\":\"fr-FR\",\"potentialAction\":[{\"@type\":\"ReadAction\",\"target\":[\"https:\/\/www.aoste.be\/fr\/produit\/disney-mickey-saucissons-de-poulet\/\"]}]},{\"@type\":\"BreadcrumbList\",\"@id\":\"https:\/\/www.aoste.be\/fr\/produit\/disney-mickey-saucissons-de-poulet\/#breadcrumb\",\"itemListElement\":[{\"@type\":\"ListItem\",\"position\":1,\"name\":\"Home\",\"item\":\"https:\/\/www.aoste.be\/fr\/\"},{\"@type\":\"ListItem\",\"position\":2,\"name\":\"Produits\",\"item\":\"https:\/\/www.aoste.be\/fr\/shop\/\"},{\"@type\":\"ListItem\",\"position\":3,\"name\":\"Aoste Disney Mickey Saucissons de poulet\"}]},{\"@type\":\"WebSite\",\"@id\":\"https:\/\/www.aoste.be\/#website\",\"url\":\"https:\/\/www.aoste.be\/\",\"name\":\"Aoste\",\"description\":\"Altijd bereid om beter te doen.\",\"publisher\":{\"@id\":\"https:\/\/www.aoste.be\/#organization\"},\"potentialAction\":[{\"@type\":\"SearchAction\",\"target\":{\"@type\":\"EntryPoint\",\"urlTemplate\":\"https:\/\/www.aoste.be\/?s={search_term_string}\"},\"query-input\":\"required name=search_term_string\"}],\"inLanguage\":\"fr-FR\"},{\"@type\":\"Organization\",\"@id\":\"https:\/\/www.aoste.be\/#organization\",\"name\":\"Aoste\",\"url\":\"https:\/\/www.aoste.be\/\",\"logo\":{\"@type\":\"ImageObject\",\"inLanguage\":\"fr-FR\",\"@id\":\"https:\/\/www.aoste.be\/#\/schema\/logo\/image\/\",\"url\":\"https:\/\/www.aostecharcuterie.be\/wp-content\/uploads\/2019\/11\/aoste_logo.png\",\"contentUrl\":\"https:\/\/www.aostecharcuterie.be\/wp-content\/uploads\/2019\/11\/aoste_logo.png\",\"width\":150,\"height\":150,\"caption\":\"Aoste\"},\"image\":{\"@id\":\"https:\/\/www.aoste.be\/#\/schema\/logo\/image\/\"},\"sameAs\":[\"https:\/\/www.facebook.com\/Aoste.Belgium\/\",\"https:\/\/www.instagram.com\/aoste.be\"]}]}<\/script>\n<!-- \/ Yoast SEO plugin. -->","yoast_head_json":{"title":"Aoste Disney Mickey Saucissons de poulet | Aoste","description":"Les parents veulent le meilleur pour leurs enfants, et Aoste ne peut \u00e9videmment pas faire moins. Parce qu'un snack savoureux peut aussi \u00eatre bon pour la sant\u00e9! Le saucisson de poulet Mickey n'a pas de colorants et est riche en prot\u00e9ins. Facile \u00e0 ouvrir, m\u00eame avec des petits mains!\u00a0Se conserve jusqu'\u00e0\u00a012 h en dehors du frigo!Dans un filet pratique de 5 mini-saucissons.","robots":{"index":"index","follow":"follow","max-snippet":"max-snippet:-1","max-image-preview":"max-image-preview:large","max-video-preview":"max-video-preview:-1"},"canonical":"https:\/\/www.aoste.be\/fr\/produit\/disney-mickey-saucissons-de-poulet\/","og_locale":"fr_FR","og_type":"article","og_title":"Aoste Disney Mickey Saucissons de poulet | Aoste","og_description":"Les parents veulent le meilleur pour leurs enfants, et Aoste ne peut \u00e9videmment pas faire moins. Parce qu'un snack savoureux peut aussi \u00eatre bon pour la sant\u00e9! Le saucisson de poulet Mickey n'a pas de colorants et est riche en prot\u00e9ins. Facile \u00e0 ouvrir, m\u00eame avec des petits mains!\u00a0Se conserve jusqu'\u00e0\u00a012 h en dehors du frigo!Dans un filet pratique de 5 mini-saucissons.","og_url":"https:\/\/www.aoste.be\/fr\/produit\/disney-mickey-saucissons-de-poulet\/","og_site_name":"Aoste","article_publisher":"https:\/\/www.facebook.com\/Aoste.Belgium\/","article_modified_time":"2022-04-08T15:28:17+00:00","og_image":[{"width":545,"height":545,"url":"https:\/\/www.aoste.be\/wp-content\/uploads\/2019\/10\/aoste_large_disney_mickey.png","type":"image\/png"}],"twitter_card":"summary_large_image","schema":{"@context":"https:\/\/schema.org","@graph":[{"@type":"WebPage","@id":"https:\/\/www.aoste.be\/fr\/produit\/disney-mickey-saucissons-de-poulet\/","url":"https:\/\/www.aoste.be\/fr\/produit\/disney-mickey-saucissons-de-poulet\/","name":"Aoste Disney Mickey Saucissons de poulet | Aoste","isPartOf":{"@id":"https:\/\/www.aoste.be\/#website"},"datePublished":"2019-11-05T10:07:27+00:00","dateModified":"2022-04-08T15:28:17+00:00","description":"Les parents veulent le meilleur pour leurs enfants, et Aoste ne peut \u00e9videmment pas faire moins. Parce qu'un snack savoureux peut aussi \u00eatre bon pour la sant\u00e9! Le saucisson de poulet Mickey n'a pas de colorants et est riche en prot\u00e9ins. Facile \u00e0 ouvrir, m\u00eame avec des petits mains!\u00a0Se conserve jusqu'\u00e0\u00a012 h en dehors du frigo!Dans un filet pratique de 5 mini-saucissons.","breadcrumb":{"@id":"https:\/\/www.aoste.be\/fr\/produit\/disney-mickey-saucissons-de-poulet\/#breadcrumb"},"inLanguage":"fr-FR","potentialAction":[{"@type":"ReadAction","target":["https:\/\/www.aoste.be\/fr\/produit\/disney-mickey-saucissons-de-poulet\/"]}]},{"@type":"BreadcrumbList","@id":"https:\/\/www.aoste.be\/fr\/produit\/disney-mickey-saucissons-de-poulet\/#breadcrumb","itemListElement":[{"@type":"ListItem","position":1,"name":"Home","item":"https:\/\/www.aoste.be\/fr\/"},{"@type":"ListItem","position":2,"name":"Produits","item":"https:\/\/www.aoste.be\/fr\/shop\/"},{"@type":"ListItem","position":3,"name":"Aoste Disney Mickey Saucissons de poulet"}]},{"@type":"WebSite","@id":"https:\/\/www.aoste.be\/#website","url":"https:\/\/www.aoste.be\/","name":"Aoste","description":"Altijd bereid om beter te doen.","publisher":{"@id":"https:\/\/www.aoste.be\/#organization"},"potentialAction":[{"@type":"SearchAction","target":{"@type":"EntryPoint","urlTemplate":"https:\/\/www.aoste.be\/?s={search_term_string}"},"query-input":"required name=search_term_string"}],"inLanguage":"fr-FR"},{"@type":"Organization","@id":"https:\/\/www.aoste.be\/#organization","name":"Aoste","url":"https:\/\/www.aoste.be\/","logo":{"@type":"ImageObject","inLanguage":"fr-FR","@id":"https:\/\/www.aoste.be\/#\/schema\/logo\/image\/","url":"https:\/\/www.aostecharcuterie.be\/wp-content\/uploads\/2019\/11\/aoste_logo.png","contentUrl":"https:\/\/www.aostecharcuterie.be\/wp-content\/uploads\/2019\/11\/aoste_logo.png","width":150,"height":150,"caption":"Aoste"},"image":{"@id":"https:\/\/www.aoste.be\/#\/schema\/logo\/image\/"},"sameAs":["https:\/\/www.facebook.com\/Aoste.Belgium\/","https:\/\/www.instagram.com\/aoste.be"]}]}},"_links":{"self":[{"href":"https:\/\/www.aoste.be\/fr\/wp-json\/wp\/v2\/product\/1384"}],"collection":[{"href":"https:\/\/www.aoste.be\/fr\/wp-json\/wp\/v2\/product"}],"about":[{"href":"https:\/\/www.aoste.be\/fr\/wp-json\/wp\/v2\/types\/product"}],"wp:featuredmedia":[{"embeddable":true,"href":"https:\/\/www.aoste.be\/fr\/wp-json\/wp\/v2\/media\/1385"}],"wp:attachment":[{"href":"https:\/\/www.aoste.be\/fr\/wp-json\/wp\/v2\/media?parent=1384"}],"wp:term":[{"taxonomy":"product_cat","embeddable":true,"href":"https:\/\/www.aoste.be\/fr\/wp-json\/wp\/v2\/product_cat?post=1384"},{"taxonomy":"product_tag","embeddable":true,"href":"https:\/\/www.aoste.be\/fr\/wp-json\/wp\/v2\/product_tag?post=1384"}],"curies":[{"name":"wp","href":"https:\/\/api.w.org\/{rel}","templated":true}]}}