{"id":1414,"date":"2019-10-01T16:33:09","date_gmt":"2019-11-05T10:16:51","guid":{"rendered":"https:\/\/www.aoste.be\/product\/snack-pur-porc-xl\/"},"modified":"2023-04-04T16:38:37","modified_gmt":"2023-04-04T14:38:37","slug":"snack-pur-porc-xl","status":"publish","type":"product","link":"https:\/\/www.aoste.be\/fr\/produit\/snack-pur-porc-xl\/","title":{"rendered":"Snack Pur Porc XL"},"content":{"rendered":"<p>Des amis d\u00e9barquent \u00e0 l&rsquo;improviste ? Les enfants demandent une d\u00e9licieuse collation ? Envie d\u2019un agr\u00e9able en-cas pour vous-m\u00eame ? Les irr\u00e9sistibles mini saucissons Snack Pur Porc Aoste associent viande de porc 100 % et pur plaisir ! Joliment emball\u00e9es dans un sachet refermable pratique. Disponible en formats 80g et 200g XL<\/p>\n","protected":false},"excerpt":{"rendered":"<p>Des amis d\u00e9barquent \u00e0 l&rsquo;improviste ? Les enfants demandent une d\u00e9licieuse collation ? Envie d\u2019un agr\u00e9able en-cas pour vous-m\u00eame ? Les irr\u00e9sistibles mini saucissons Snack Pur Porc Aoste associent viande de porc 100 % et pur plaisir ! Joliment emball\u00e9es dans un sachet refermable pratique. [&hellip;]<\/p>\n","protected":false},"featured_media":7538,"template":"","meta":[],"product_cat":[47],"product_tag":[],"acf":[],"yoast_head":"<!-- This site is optimized with the Yoast SEO plugin v21.1 - https:\/\/yoast.com\/wordpress\/plugins\/seo\/ -->\n<title>Snack Pur Porc XL | Aoste<\/title>\n<meta name=\"robots\" content=\"index, follow, max-snippet:-1, max-image-preview:large, max-video-preview:-1\" \/>\n<link rel=\"canonical\" href=\"https:\/\/www.aoste.be\/fr\/produit\/snack-pur-porc-xl\/\" \/>\n<meta property=\"og:locale\" content=\"fr_FR\" \/>\n<meta property=\"og:type\" content=\"article\" \/>\n<meta property=\"og:title\" content=\"Snack Pur Porc XL | Aoste\" \/>\n<meta property=\"og:description\" content=\"Des amis d\u00e9barquent \u00e0 l&rsquo;improviste ? Les enfants demandent une d\u00e9licieuse collation ? Envie d\u2019un agr\u00e9able en-cas pour vous-m\u00eame ? Les irr\u00e9sistibles mini saucissons Snack Pur Porc Aoste associent viande de porc 100 % et pur plaisir ! Joliment emball\u00e9es dans un sachet refermable pratique. [&hellip;]\" \/>\n<meta property=\"og:url\" content=\"https:\/\/www.aoste.be\/fr\/produit\/snack-pur-porc-xl\/\" \/>\n<meta property=\"og:site_name\" content=\"Aoste\" \/>\n<meta property=\"article:publisher\" content=\"https:\/\/www.facebook.com\/Aoste.Belgium\/\" \/>\n<meta property=\"article:modified_time\" content=\"2023-04-04T14:38:37+00:00\" \/>\n<meta property=\"og:image\" content=\"https:\/\/www.aoste.be\/wp-content\/uploads\/2019\/11\/AOSTE_PurPorcXL_200g_Straight_V2.jpg\" \/>\n\t<meta property=\"og:image:width\" content=\"2401\" \/>\n\t<meta property=\"og:image:height\" content=\"2401\" \/>\n\t<meta property=\"og:image:type\" content=\"image\/jpeg\" \/>\n<meta name=\"twitter:card\" content=\"summary_large_image\" \/>\n<meta name=\"twitter:label1\" content=\"Dur\u00e9e de lecture estim\u00e9e\" \/>\n\t<meta name=\"twitter:data1\" content=\"1 minute\" \/>\n<script type=\"application\/ld+json\" class=\"yoast-schema-graph\">{\"@context\":\"https:\/\/schema.org\",\"@graph\":[{\"@type\":\"WebPage\",\"@id\":\"https:\/\/www.aoste.be\/fr\/produit\/snack-pur-porc-xl\/\",\"url\":\"https:\/\/www.aoste.be\/fr\/produit\/snack-pur-porc-xl\/\",\"name\":\"Snack Pur Porc XL | Aoste\",\"isPartOf\":{\"@id\":\"https:\/\/www.aoste.be\/#website\"},\"datePublished\":\"2019-11-05T10:16:51+00:00\",\"dateModified\":\"2023-04-04T14:38:37+00:00\",\"breadcrumb\":{\"@id\":\"https:\/\/www.aoste.be\/fr\/produit\/snack-pur-porc-xl\/#breadcrumb\"},\"inLanguage\":\"fr-FR\",\"potentialAction\":[{\"@type\":\"ReadAction\",\"target\":[\"https:\/\/www.aoste.be\/fr\/produit\/snack-pur-porc-xl\/\"]}]},{\"@type\":\"BreadcrumbList\",\"@id\":\"https:\/\/www.aoste.be\/fr\/produit\/snack-pur-porc-xl\/#breadcrumb\",\"itemListElement\":[{\"@type\":\"ListItem\",\"position\":1,\"name\":\"Home\",\"item\":\"https:\/\/www.aoste.be\/fr\/\"},{\"@type\":\"ListItem\",\"position\":2,\"name\":\"Produits\",\"item\":\"https:\/\/www.aoste.be\/fr\/shop\/\"},{\"@type\":\"ListItem\",\"position\":3,\"name\":\"Snack Pur Porc XL\"}]},{\"@type\":\"WebSite\",\"@id\":\"https:\/\/www.aoste.be\/#website\",\"url\":\"https:\/\/www.aoste.be\/\",\"name\":\"Aoste\",\"description\":\"Altijd bereid om beter te doen.\",\"publisher\":{\"@id\":\"https:\/\/www.aoste.be\/#organization\"},\"potentialAction\":[{\"@type\":\"SearchAction\",\"target\":{\"@type\":\"EntryPoint\",\"urlTemplate\":\"https:\/\/www.aoste.be\/?s={search_term_string}\"},\"query-input\":\"required name=search_term_string\"}],\"inLanguage\":\"fr-FR\"},{\"@type\":\"Organization\",\"@id\":\"https:\/\/www.aoste.be\/#organization\",\"name\":\"Aoste\",\"url\":\"https:\/\/www.aoste.be\/\",\"logo\":{\"@type\":\"ImageObject\",\"inLanguage\":\"fr-FR\",\"@id\":\"https:\/\/www.aoste.be\/#\/schema\/logo\/image\/\",\"url\":\"https:\/\/www.aostecharcuterie.be\/wp-content\/uploads\/2019\/11\/aoste_logo.png\",\"contentUrl\":\"https:\/\/www.aostecharcuterie.be\/wp-content\/uploads\/2019\/11\/aoste_logo.png\",\"width\":150,\"height\":150,\"caption\":\"Aoste\"},\"image\":{\"@id\":\"https:\/\/www.aoste.be\/#\/schema\/logo\/image\/\"},\"sameAs\":[\"https:\/\/www.facebook.com\/Aoste.Belgium\/\",\"https:\/\/www.instagram.com\/aoste.be\"]}]}<\/script>\n<!-- \/ Yoast SEO plugin. -->","yoast_head_json":{"title":"Snack Pur Porc XL | Aoste","robots":{"index":"index","follow":"follow","max-snippet":"max-snippet:-1","max-image-preview":"max-image-preview:large","max-video-preview":"max-video-preview:-1"},"canonical":"https:\/\/www.aoste.be\/fr\/produit\/snack-pur-porc-xl\/","og_locale":"fr_FR","og_type":"article","og_title":"Snack Pur Porc XL | Aoste","og_description":"Des amis d\u00e9barquent \u00e0 l&rsquo;improviste ? Les enfants demandent une d\u00e9licieuse collation ? Envie d\u2019un agr\u00e9able en-cas pour vous-m\u00eame ? Les irr\u00e9sistibles mini saucissons Snack Pur Porc Aoste associent viande de porc 100 % et pur plaisir ! Joliment emball\u00e9es dans un sachet refermable pratique. [&hellip;]","og_url":"https:\/\/www.aoste.be\/fr\/produit\/snack-pur-porc-xl\/","og_site_name":"Aoste","article_publisher":"https:\/\/www.facebook.com\/Aoste.Belgium\/","article_modified_time":"2023-04-04T14:38:37+00:00","og_image":[{"width":2401,"height":2401,"url":"https:\/\/www.aoste.be\/wp-content\/uploads\/2019\/11\/AOSTE_PurPorcXL_200g_Straight_V2.jpg","type":"image\/jpeg"}],"twitter_card":"summary_large_image","twitter_misc":{"Dur\u00e9e de lecture estim\u00e9e":"1 minute"},"schema":{"@context":"https:\/\/schema.org","@graph":[{"@type":"WebPage","@id":"https:\/\/www.aoste.be\/fr\/produit\/snack-pur-porc-xl\/","url":"https:\/\/www.aoste.be\/fr\/produit\/snack-pur-porc-xl\/","name":"Snack Pur Porc XL | Aoste","isPartOf":{"@id":"https:\/\/www.aoste.be\/#website"},"datePublished":"2019-11-05T10:16:51+00:00","dateModified":"2023-04-04T14:38:37+00:00","breadcrumb":{"@id":"https:\/\/www.aoste.be\/fr\/produit\/snack-pur-porc-xl\/#breadcrumb"},"inLanguage":"fr-FR","potentialAction":[{"@type":"ReadAction","target":["https:\/\/www.aoste.be\/fr\/produit\/snack-pur-porc-xl\/"]}]},{"@type":"BreadcrumbList","@id":"https:\/\/www.aoste.be\/fr\/produit\/snack-pur-porc-xl\/#breadcrumb","itemListElement":[{"@type":"ListItem","position":1,"name":"Home","item":"https:\/\/www.aoste.be\/fr\/"},{"@type":"ListItem","position":2,"name":"Produits","item":"https:\/\/www.aoste.be\/fr\/shop\/"},{"@type":"ListItem","position":3,"name":"Snack Pur Porc XL"}]},{"@type":"WebSite","@id":"https:\/\/www.aoste.be\/#website","url":"https:\/\/www.aoste.be\/","name":"Aoste","description":"Altijd bereid om beter te doen.","publisher":{"@id":"https:\/\/www.aoste.be\/#organization"},"potentialAction":[{"@type":"SearchAction","target":{"@type":"EntryPoint","urlTemplate":"https:\/\/www.aoste.be\/?s={search_term_string}"},"query-input":"required name=search_term_string"}],"inLanguage":"fr-FR"},{"@type":"Organization","@id":"https:\/\/www.aoste.be\/#organization","name":"Aoste","url":"https:\/\/www.aoste.be\/","logo":{"@type":"ImageObject","inLanguage":"fr-FR","@id":"https:\/\/www.aoste.be\/#\/schema\/logo\/image\/","url":"https:\/\/www.aostecharcuterie.be\/wp-content\/uploads\/2019\/11\/aoste_logo.png","contentUrl":"https:\/\/www.aostecharcuterie.be\/wp-content\/uploads\/2019\/11\/aoste_logo.png","width":150,"height":150,"caption":"Aoste"},"image":{"@id":"https:\/\/www.aoste.be\/#\/schema\/logo\/image\/"},"sameAs":["https:\/\/www.facebook.com\/Aoste.Belgium\/","https:\/\/www.instagram.com\/aoste.be"]}]}},"_links":{"self":[{"href":"https:\/\/www.aoste.be\/fr\/wp-json\/wp\/v2\/product\/1414"}],"collection":[{"href":"https:\/\/www.aoste.be\/fr\/wp-json\/wp\/v2\/product"}],"about":[{"href":"https:\/\/www.aoste.be\/fr\/wp-json\/wp\/v2\/types\/product"}],"wp:featuredmedia":[{"embeddable":true,"href":"https:\/\/www.aoste.be\/fr\/wp-json\/wp\/v2\/media\/7538"}],"wp:attachment":[{"href":"https:\/\/www.aoste.be\/fr\/wp-json\/wp\/v2\/media?parent=1414"}],"wp:term":[{"taxonomy":"product_cat","embeddable":true,"href":"https:\/\/www.aoste.be\/fr\/wp-json\/wp\/v2\/product_cat?post=1414"},{"taxonomy":"product_tag","embeddable":true,"href":"https:\/\/www.aoste.be\/fr\/wp-json\/wp\/v2\/product_tag?post=1414"}],"curies":[{"name":"wp","href":"https:\/\/api.w.org\/{rel}","templated":true}]}}