{"id":1429,"date":"2019-10-01T16:22:20","date_gmt":"2019-11-05T10:21:02","guid":{"rendered":"https:\/\/www.aoste.be\/product\/le-vegetarien-fines-herbes\/"},"modified":"2023-01-23T11:10:21","modified_gmt":"2023-01-23T09:10:21","slug":"le-vegetarien-fines-herbes","status":"publish","type":"product","link":"https:\/\/www.aoste.be\/fr\/produit\/le-vegetarien-fines-herbes\/","title":{"rendered":"Veggie Tranches Fines Herbes"},"content":{"rendered":"<p>Savourez le d\u00e9licieux sandwich \u00e0 tartiner d&rsquo;Aoste, \u00e9galement sans viande. Une source de prot\u00e9ines avec une morsure \u00e9tonnamment savoureuse et un d\u00e9licieux go\u00fbt \u00e9pic\u00e9.<\/p>\n","protected":false},"excerpt":{"rendered":"<p>Savourez le d\u00e9licieux sandwich \u00e0 tartiner d&rsquo;Aoste, \u00e9galement sans viande. Une source de prot\u00e9ines avec une morsure \u00e9tonnamment savoureuse et un d\u00e9licieux go\u00fbt \u00e9pic\u00e9.<\/p>\n","protected":false},"featured_media":5772,"template":"","meta":[],"product_cat":[44,45],"product_tag":[],"acf":[],"yoast_head":"<!-- This site is optimized with the Yoast SEO plugin v21.1 - https:\/\/yoast.com\/wordpress\/plugins\/seo\/ -->\n<title>Veggie Tranches Fines Herbes | Aoste<\/title>\n<meta name=\"robots\" content=\"index, follow, max-snippet:-1, max-image-preview:large, max-video-preview:-1\" \/>\n<link rel=\"canonical\" href=\"https:\/\/www.aoste.be\/fr\/produit\/le-vegetarien-fines-herbes\/\" \/>\n<meta property=\"og:locale\" content=\"fr_FR\" \/>\n<meta property=\"og:type\" content=\"article\" \/>\n<meta property=\"og:title\" content=\"Veggie Tranches Fines Herbes | Aoste\" \/>\n<meta property=\"og:description\" content=\"Savourez le d\u00e9licieux sandwich \u00e0 tartiner d&rsquo;Aoste, \u00e9galement sans viande. Une source de prot\u00e9ines avec une morsure \u00e9tonnamment savoureuse et un d\u00e9licieux go\u00fbt \u00e9pic\u00e9.\" \/>\n<meta property=\"og:url\" content=\"https:\/\/www.aoste.be\/fr\/produit\/le-vegetarien-fines-herbes\/\" \/>\n<meta property=\"og:site_name\" content=\"Aoste\" \/>\n<meta property=\"article:publisher\" content=\"https:\/\/www.facebook.com\/Aoste.Belgium\/\" \/>\n<meta property=\"article:modified_time\" content=\"2023-01-23T09:10:21+00:00\" \/>\n<meta property=\"og:image\" content=\"https:\/\/www.aoste.be\/wp-content\/uploads\/2022\/03\/CAMP_AOSTE_HeroImages_260x260_Tuinkruiden_NL.png\" \/>\n\t<meta property=\"og:image:width\" content=\"260\" \/>\n\t<meta property=\"og:image:height\" content=\"260\" \/>\n\t<meta property=\"og:image:type\" content=\"image\/png\" \/>\n<meta name=\"twitter:card\" content=\"summary_large_image\" \/>\n<script type=\"application\/ld+json\" class=\"yoast-schema-graph\">{\"@context\":\"https:\/\/schema.org\",\"@graph\":[{\"@type\":\"WebPage\",\"@id\":\"https:\/\/www.aoste.be\/fr\/produit\/le-vegetarien-fines-herbes\/\",\"url\":\"https:\/\/www.aoste.be\/fr\/produit\/le-vegetarien-fines-herbes\/\",\"name\":\"Veggie Tranches Fines Herbes | Aoste\",\"isPartOf\":{\"@id\":\"https:\/\/www.aoste.be\/#website\"},\"datePublished\":\"2019-11-05T10:21:02+00:00\",\"dateModified\":\"2023-01-23T09:10:21+00:00\",\"breadcrumb\":{\"@id\":\"https:\/\/www.aoste.be\/fr\/produit\/le-vegetarien-fines-herbes\/#breadcrumb\"},\"inLanguage\":\"fr-FR\",\"potentialAction\":[{\"@type\":\"ReadAction\",\"target\":[\"https:\/\/www.aoste.be\/fr\/produit\/le-vegetarien-fines-herbes\/\"]}]},{\"@type\":\"BreadcrumbList\",\"@id\":\"https:\/\/www.aoste.be\/fr\/produit\/le-vegetarien-fines-herbes\/#breadcrumb\",\"itemListElement\":[{\"@type\":\"ListItem\",\"position\":1,\"name\":\"Home\",\"item\":\"https:\/\/www.aostecharcuterie.be\/fr\/\"},{\"@type\":\"ListItem\",\"position\":2,\"name\":\"Producten\",\"item\":\"https:\/\/www.aostecharcuterie.be\/shop\/\"},{\"@type\":\"ListItem\",\"position\":3,\"name\":\"Veggie Tranches Fines Herbes\"}]},{\"@type\":\"WebSite\",\"@id\":\"https:\/\/www.aoste.be\/#website\",\"url\":\"https:\/\/www.aoste.be\/\",\"name\":\"Aoste\",\"description\":\"Altijd bereid om beter te doen.\",\"publisher\":{\"@id\":\"https:\/\/www.aoste.be\/#organization\"},\"potentialAction\":[{\"@type\":\"SearchAction\",\"target\":{\"@type\":\"EntryPoint\",\"urlTemplate\":\"https:\/\/www.aoste.be\/?s={search_term_string}\"},\"query-input\":\"required name=search_term_string\"}],\"inLanguage\":\"fr-FR\"},{\"@type\":\"Organization\",\"@id\":\"https:\/\/www.aoste.be\/#organization\",\"name\":\"Aoste\",\"url\":\"https:\/\/www.aoste.be\/\",\"logo\":{\"@type\":\"ImageObject\",\"inLanguage\":\"fr-FR\",\"@id\":\"https:\/\/www.aoste.be\/#\/schema\/logo\/image\/\",\"url\":\"https:\/\/www.aostecharcuterie.be\/wp-content\/uploads\/2019\/11\/aoste_logo.png\",\"contentUrl\":\"https:\/\/www.aostecharcuterie.be\/wp-content\/uploads\/2019\/11\/aoste_logo.png\",\"width\":150,\"height\":150,\"caption\":\"Aoste\"},\"image\":{\"@id\":\"https:\/\/www.aoste.be\/#\/schema\/logo\/image\/\"},\"sameAs\":[\"https:\/\/www.facebook.com\/Aoste.Belgium\/\",\"https:\/\/www.instagram.com\/aoste.be\"]}]}<\/script>\n<!-- \/ Yoast SEO plugin. -->","yoast_head_json":{"title":"Veggie Tranches Fines Herbes | Aoste","robots":{"index":"index","follow":"follow","max-snippet":"max-snippet:-1","max-image-preview":"max-image-preview:large","max-video-preview":"max-video-preview:-1"},"canonical":"https:\/\/www.aoste.be\/fr\/produit\/le-vegetarien-fines-herbes\/","og_locale":"fr_FR","og_type":"article","og_title":"Veggie Tranches Fines Herbes | Aoste","og_description":"Savourez le d\u00e9licieux sandwich \u00e0 tartiner d&rsquo;Aoste, \u00e9galement sans viande. Une source de prot\u00e9ines avec une morsure \u00e9tonnamment savoureuse et un d\u00e9licieux go\u00fbt \u00e9pic\u00e9.","og_url":"https:\/\/www.aoste.be\/fr\/produit\/le-vegetarien-fines-herbes\/","og_site_name":"Aoste","article_publisher":"https:\/\/www.facebook.com\/Aoste.Belgium\/","article_modified_time":"2023-01-23T09:10:21+00:00","og_image":[{"width":260,"height":260,"url":"https:\/\/www.aoste.be\/wp-content\/uploads\/2022\/03\/CAMP_AOSTE_HeroImages_260x260_Tuinkruiden_NL.png","type":"image\/png"}],"twitter_card":"summary_large_image","schema":{"@context":"https:\/\/schema.org","@graph":[{"@type":"WebPage","@id":"https:\/\/www.aoste.be\/fr\/produit\/le-vegetarien-fines-herbes\/","url":"https:\/\/www.aoste.be\/fr\/produit\/le-vegetarien-fines-herbes\/","name":"Veggie Tranches Fines Herbes | Aoste","isPartOf":{"@id":"https:\/\/www.aoste.be\/#website"},"datePublished":"2019-11-05T10:21:02+00:00","dateModified":"2023-01-23T09:10:21+00:00","breadcrumb":{"@id":"https:\/\/www.aoste.be\/fr\/produit\/le-vegetarien-fines-herbes\/#breadcrumb"},"inLanguage":"fr-FR","potentialAction":[{"@type":"ReadAction","target":["https:\/\/www.aoste.be\/fr\/produit\/le-vegetarien-fines-herbes\/"]}]},{"@type":"BreadcrumbList","@id":"https:\/\/www.aoste.be\/fr\/produit\/le-vegetarien-fines-herbes\/#breadcrumb","itemListElement":[{"@type":"ListItem","position":1,"name":"Home","item":"https:\/\/www.aostecharcuterie.be\/fr\/"},{"@type":"ListItem","position":2,"name":"Producten","item":"https:\/\/www.aostecharcuterie.be\/shop\/"},{"@type":"ListItem","position":3,"name":"Veggie Tranches Fines Herbes"}]},{"@type":"WebSite","@id":"https:\/\/www.aoste.be\/#website","url":"https:\/\/www.aoste.be\/","name":"Aoste","description":"Altijd bereid om beter te doen.","publisher":{"@id":"https:\/\/www.aoste.be\/#organization"},"potentialAction":[{"@type":"SearchAction","target":{"@type":"EntryPoint","urlTemplate":"https:\/\/www.aoste.be\/?s={search_term_string}"},"query-input":"required name=search_term_string"}],"inLanguage":"fr-FR"},{"@type":"Organization","@id":"https:\/\/www.aoste.be\/#organization","name":"Aoste","url":"https:\/\/www.aoste.be\/","logo":{"@type":"ImageObject","inLanguage":"fr-FR","@id":"https:\/\/www.aoste.be\/#\/schema\/logo\/image\/","url":"https:\/\/www.aostecharcuterie.be\/wp-content\/uploads\/2019\/11\/aoste_logo.png","contentUrl":"https:\/\/www.aostecharcuterie.be\/wp-content\/uploads\/2019\/11\/aoste_logo.png","width":150,"height":150,"caption":"Aoste"},"image":{"@id":"https:\/\/www.aoste.be\/#\/schema\/logo\/image\/"},"sameAs":["https:\/\/www.facebook.com\/Aoste.Belgium\/","https:\/\/www.instagram.com\/aoste.be"]}]}},"_links":{"self":[{"href":"https:\/\/www.aoste.be\/fr\/wp-json\/wp\/v2\/product\/1429"}],"collection":[{"href":"https:\/\/www.aoste.be\/fr\/wp-json\/wp\/v2\/product"}],"about":[{"href":"https:\/\/www.aoste.be\/fr\/wp-json\/wp\/v2\/types\/product"}],"wp:featuredmedia":[{"embeddable":true,"href":"https:\/\/www.aoste.be\/fr\/wp-json\/wp\/v2\/media\/5772"}],"wp:attachment":[{"href":"https:\/\/www.aoste.be\/fr\/wp-json\/wp\/v2\/media?parent=1429"}],"wp:term":[{"taxonomy":"product_cat","embeddable":true,"href":"https:\/\/www.aoste.be\/fr\/wp-json\/wp\/v2\/product_cat?post=1429"},{"taxonomy":"product_tag","embeddable":true,"href":"https:\/\/www.aoste.be\/fr\/wp-json\/wp\/v2\/product_tag?post=1429"}],"curies":[{"name":"wp","href":"https:\/\/api.w.org\/{rel}","templated":true}]}}