{"id":5401,"date":"2022-03-18T08:54:57","date_gmt":"2022-03-18T08:54:57","guid":{"rendered":"https:\/\/www.aoste.be\/product\/aoste-plus-morceaux-de-poulet-grilles-curry\/"},"modified":"2023-02-03T10:25:59","modified_gmt":"2023-02-03T08:25:59","slug":"aoste-plus-morceaux-de-poulet-grilles-curry","status":"publish","type":"product","link":"https:\/\/www.aoste.be\/fr\/produit\/aoste-plus-morceaux-de-poulet-grilles-curry\/","title":{"rendered":"Aoste Plus Morceaux de poulet grill\u00e9s Curry"},"content":{"rendered":"<p>Aoste Plus, le bon go\u00fbt d\u2019Aoste avec moins de gras et le meilleur nutri-score.<\/p>\n<p>Ces morceaux de pur filet de poulet , avec le go\u00fbt sup\u00e9rieur bien connu d\u2019Aoste, contiennent seulement 1,9% de mati\u00e8res grasses! Pas seulement bon de go\u00fbt, mais aussi plus sain! Faciles \u00e0 utiliser dans un repas sain, froid ou chaud. De plus, les morceaux de poulet ne contiennent pas de nitrites ajout\u00e9s et affichent d\u00e8s lors l\u2019excellent nutri-score B.<\/p>\n","protected":false},"excerpt":{"rendered":"<p>Aoste Plus, le bon go\u00fbt d\u2019Aoste avec moins de gras et le meilleur nutri-score. Ces morceaux de pur filet de poulet , avec le go\u00fbt sup\u00e9rieur bien connu d\u2019Aoste, contiennent seulement 1,9% de mati\u00e8res grasses! Pas seulement bon de go\u00fbt, mais aussi plus sain! Faciles [&hellip;]<\/p>\n","protected":false},"featured_media":7507,"template":"","meta":[],"product_cat":[65,44,67],"product_tag":[],"acf":[],"yoast_head":"<!-- This site is optimized with the Yoast SEO plugin v21.1 - https:\/\/yoast.com\/wordpress\/plugins\/seo\/ -->\n<title>Aoste Plus Morceaux de poulet grill\u00e9s Curry | Aoste<\/title>\n<meta name=\"description\" content=\"Ontdek Aoste Plus, ons nieuwe gamma met niets dan pluspunten:\u00a0je vertrouwde Aoste smaak + minder vet + groenten.\u00a0\" \/>\n<meta name=\"robots\" content=\"index, follow, max-snippet:-1, max-image-preview:large, max-video-preview:-1\" \/>\n<link rel=\"canonical\" href=\"https:\/\/www.aoste.be\/fr\/produit\/aoste-plus-morceaux-de-poulet-grilles-curry\/\" \/>\n<meta property=\"og:locale\" content=\"fr_FR\" \/>\n<meta property=\"og:type\" content=\"article\" \/>\n<meta property=\"og:title\" content=\"Aoste Plus Morceaux de poulet grill\u00e9s Curry | Aoste\" \/>\n<meta property=\"og:description\" content=\"Ontdek Aoste Plus, ons nieuwe gamma met niets dan pluspunten:\u00a0je vertrouwde Aoste smaak + minder vet + groenten.\u00a0\" \/>\n<meta property=\"og:url\" content=\"https:\/\/www.aoste.be\/fr\/produit\/aoste-plus-morceaux-de-poulet-grilles-curry\/\" \/>\n<meta property=\"og:site_name\" content=\"Aoste\" \/>\n<meta property=\"article:publisher\" content=\"https:\/\/www.facebook.com\/Aoste.Belgium\/\" \/>\n<meta property=\"article:modified_time\" content=\"2023-02-03T08:25:59+00:00\" \/>\n<meta property=\"og:image\" content=\"https:\/\/www.aoste.be\/wp-content\/uploads\/2022\/03\/aoste_plus_kippenstukjes_curry_1000.jpg\" \/>\n\t<meta property=\"og:image:width\" content=\"1000\" \/>\n\t<meta property=\"og:image:height\" content=\"1000\" \/>\n\t<meta property=\"og:image:type\" content=\"image\/jpeg\" \/>\n<meta name=\"twitter:card\" content=\"summary_large_image\" \/>\n<meta name=\"twitter:label1\" content=\"Dur\u00e9e de lecture estim\u00e9e\" \/>\n\t<meta name=\"twitter:data1\" content=\"1 minute\" \/>\n<script type=\"application\/ld+json\" class=\"yoast-schema-graph\">{\"@context\":\"https:\/\/schema.org\",\"@graph\":[{\"@type\":\"WebPage\",\"@id\":\"https:\/\/www.aoste.be\/fr\/produit\/aoste-plus-morceaux-de-poulet-grilles-curry\/\",\"url\":\"https:\/\/www.aoste.be\/fr\/produit\/aoste-plus-morceaux-de-poulet-grilles-curry\/\",\"name\":\"Aoste Plus Morceaux de poulet grill\u00e9s Curry | Aoste\",\"isPartOf\":{\"@id\":\"https:\/\/www.aoste.be\/#website\"},\"datePublished\":\"2022-03-18T08:54:57+00:00\",\"dateModified\":\"2023-02-03T08:25:59+00:00\",\"description\":\"Ontdek Aoste Plus, ons nieuwe gamma met niets dan pluspunten:\u00a0je vertrouwde Aoste smaak + minder vet + groenten.\u00a0\",\"breadcrumb\":{\"@id\":\"https:\/\/www.aoste.be\/fr\/produit\/aoste-plus-morceaux-de-poulet-grilles-curry\/#breadcrumb\"},\"inLanguage\":\"fr-FR\",\"potentialAction\":[{\"@type\":\"ReadAction\",\"target\":[\"https:\/\/www.aoste.be\/fr\/produit\/aoste-plus-morceaux-de-poulet-grilles-curry\/\"]}]},{\"@type\":\"BreadcrumbList\",\"@id\":\"https:\/\/www.aoste.be\/fr\/produit\/aoste-plus-morceaux-de-poulet-grilles-curry\/#breadcrumb\",\"itemListElement\":[{\"@type\":\"ListItem\",\"position\":1,\"name\":\"Home\",\"item\":\"https:\/\/www.aostecharcuterie.be\/fr\/\"},{\"@type\":\"ListItem\",\"position\":2,\"name\":\"Producten\",\"item\":\"https:\/\/www.aostecharcuterie.be\/shop\/\"},{\"@type\":\"ListItem\",\"position\":3,\"name\":\"Aoste Plus Morceaux de poulet grill\u00e9s Curry\"}]},{\"@type\":\"WebSite\",\"@id\":\"https:\/\/www.aoste.be\/#website\",\"url\":\"https:\/\/www.aoste.be\/\",\"name\":\"Aoste\",\"description\":\"Altijd bereid om beter te doen.\",\"publisher\":{\"@id\":\"https:\/\/www.aoste.be\/#organization\"},\"potentialAction\":[{\"@type\":\"SearchAction\",\"target\":{\"@type\":\"EntryPoint\",\"urlTemplate\":\"https:\/\/www.aoste.be\/?s={search_term_string}\"},\"query-input\":\"required name=search_term_string\"}],\"inLanguage\":\"fr-FR\"},{\"@type\":\"Organization\",\"@id\":\"https:\/\/www.aoste.be\/#organization\",\"name\":\"Aoste\",\"url\":\"https:\/\/www.aoste.be\/\",\"logo\":{\"@type\":\"ImageObject\",\"inLanguage\":\"fr-FR\",\"@id\":\"https:\/\/www.aoste.be\/#\/schema\/logo\/image\/\",\"url\":\"https:\/\/www.aostecharcuterie.be\/wp-content\/uploads\/2019\/11\/aoste_logo.png\",\"contentUrl\":\"https:\/\/www.aostecharcuterie.be\/wp-content\/uploads\/2019\/11\/aoste_logo.png\",\"width\":150,\"height\":150,\"caption\":\"Aoste\"},\"image\":{\"@id\":\"https:\/\/www.aoste.be\/#\/schema\/logo\/image\/\"},\"sameAs\":[\"https:\/\/www.facebook.com\/Aoste.Belgium\/\",\"https:\/\/www.instagram.com\/aoste.be\"]}]}<\/script>\n<!-- \/ Yoast SEO plugin. -->","yoast_head_json":{"title":"Aoste Plus Morceaux de poulet grill\u00e9s Curry | Aoste","description":"Ontdek Aoste Plus, ons nieuwe gamma met niets dan pluspunten:\u00a0je vertrouwde Aoste smaak + minder vet + groenten.\u00a0","robots":{"index":"index","follow":"follow","max-snippet":"max-snippet:-1","max-image-preview":"max-image-preview:large","max-video-preview":"max-video-preview:-1"},"canonical":"https:\/\/www.aoste.be\/fr\/produit\/aoste-plus-morceaux-de-poulet-grilles-curry\/","og_locale":"fr_FR","og_type":"article","og_title":"Aoste Plus Morceaux de poulet grill\u00e9s Curry | Aoste","og_description":"Ontdek Aoste Plus, ons nieuwe gamma met niets dan pluspunten:\u00a0je vertrouwde Aoste smaak + minder vet + groenten.\u00a0","og_url":"https:\/\/www.aoste.be\/fr\/produit\/aoste-plus-morceaux-de-poulet-grilles-curry\/","og_site_name":"Aoste","article_publisher":"https:\/\/www.facebook.com\/Aoste.Belgium\/","article_modified_time":"2023-02-03T08:25:59+00:00","og_image":[{"width":1000,"height":1000,"url":"https:\/\/www.aoste.be\/wp-content\/uploads\/2022\/03\/aoste_plus_kippenstukjes_curry_1000.jpg","type":"image\/jpeg"}],"twitter_card":"summary_large_image","twitter_misc":{"Dur\u00e9e de lecture estim\u00e9e":"1 minute"},"schema":{"@context":"https:\/\/schema.org","@graph":[{"@type":"WebPage","@id":"https:\/\/www.aoste.be\/fr\/produit\/aoste-plus-morceaux-de-poulet-grilles-curry\/","url":"https:\/\/www.aoste.be\/fr\/produit\/aoste-plus-morceaux-de-poulet-grilles-curry\/","name":"Aoste Plus Morceaux de poulet grill\u00e9s Curry | Aoste","isPartOf":{"@id":"https:\/\/www.aoste.be\/#website"},"datePublished":"2022-03-18T08:54:57+00:00","dateModified":"2023-02-03T08:25:59+00:00","description":"Ontdek Aoste Plus, ons nieuwe gamma met niets dan pluspunten:\u00a0je vertrouwde Aoste smaak + minder vet + groenten.\u00a0","breadcrumb":{"@id":"https:\/\/www.aoste.be\/fr\/produit\/aoste-plus-morceaux-de-poulet-grilles-curry\/#breadcrumb"},"inLanguage":"fr-FR","potentialAction":[{"@type":"ReadAction","target":["https:\/\/www.aoste.be\/fr\/produit\/aoste-plus-morceaux-de-poulet-grilles-curry\/"]}]},{"@type":"BreadcrumbList","@id":"https:\/\/www.aoste.be\/fr\/produit\/aoste-plus-morceaux-de-poulet-grilles-curry\/#breadcrumb","itemListElement":[{"@type":"ListItem","position":1,"name":"Home","item":"https:\/\/www.aostecharcuterie.be\/fr\/"},{"@type":"ListItem","position":2,"name":"Producten","item":"https:\/\/www.aostecharcuterie.be\/shop\/"},{"@type":"ListItem","position":3,"name":"Aoste Plus Morceaux de poulet grill\u00e9s Curry"}]},{"@type":"WebSite","@id":"https:\/\/www.aoste.be\/#website","url":"https:\/\/www.aoste.be\/","name":"Aoste","description":"Altijd bereid om beter te doen.","publisher":{"@id":"https:\/\/www.aoste.be\/#organization"},"potentialAction":[{"@type":"SearchAction","target":{"@type":"EntryPoint","urlTemplate":"https:\/\/www.aoste.be\/?s={search_term_string}"},"query-input":"required name=search_term_string"}],"inLanguage":"fr-FR"},{"@type":"Organization","@id":"https:\/\/www.aoste.be\/#organization","name":"Aoste","url":"https:\/\/www.aoste.be\/","logo":{"@type":"ImageObject","inLanguage":"fr-FR","@id":"https:\/\/www.aoste.be\/#\/schema\/logo\/image\/","url":"https:\/\/www.aostecharcuterie.be\/wp-content\/uploads\/2019\/11\/aoste_logo.png","contentUrl":"https:\/\/www.aostecharcuterie.be\/wp-content\/uploads\/2019\/11\/aoste_logo.png","width":150,"height":150,"caption":"Aoste"},"image":{"@id":"https:\/\/www.aoste.be\/#\/schema\/logo\/image\/"},"sameAs":["https:\/\/www.facebook.com\/Aoste.Belgium\/","https:\/\/www.instagram.com\/aoste.be"]}]}},"_links":{"self":[{"href":"https:\/\/www.aoste.be\/fr\/wp-json\/wp\/v2\/product\/5401"}],"collection":[{"href":"https:\/\/www.aoste.be\/fr\/wp-json\/wp\/v2\/product"}],"about":[{"href":"https:\/\/www.aoste.be\/fr\/wp-json\/wp\/v2\/types\/product"}],"wp:featuredmedia":[{"embeddable":true,"href":"https:\/\/www.aoste.be\/fr\/wp-json\/wp\/v2\/media\/7507"}],"wp:attachment":[{"href":"https:\/\/www.aoste.be\/fr\/wp-json\/wp\/v2\/media?parent=5401"}],"wp:term":[{"taxonomy":"product_cat","embeddable":true,"href":"https:\/\/www.aoste.be\/fr\/wp-json\/wp\/v2\/product_cat?post=5401"},{"taxonomy":"product_tag","embeddable":true,"href":"https:\/\/www.aoste.be\/fr\/wp-json\/wp\/v2\/product_tag?post=5401"}],"curies":[{"name":"wp","href":"https:\/\/api.w.org\/{rel}","templated":true}]}}