{"id":5403,"date":"2022-03-18T08:46:46","date_gmt":"2022-03-18T08:46:46","guid":{"rendered":"https:\/\/www.aoste.be\/product\/aoste-plus-salami\/"},"modified":"2022-03-18T10:57:26","modified_gmt":"2022-03-18T10:57:26","slug":"aoste-plus-salami","status":"publish","type":"product","link":"https:\/\/www.aoste.be\/fr\/produit\/aoste-plus-salami\/","title":{"rendered":"Aoste Plus Salami"},"content":{"rendered":"<p>Aoste Plus, le bon go\u00fbt d\u2019Aoste avec moins de gras.<\/p>\n<p>Ce salami, avec le go\u00fbt sup\u00e9rieur bien connu d\u2019Aoste, contient 30% de mati\u00e8res grasses en moins! Pas seulement bon de go\u00fbt, mais aussi plus sain! De plus, le salami ne contient pas de nitrites ajout\u00e9s, ce qui en fait le salami le plus sain du march\u00e9.<\/p>\n","protected":false},"excerpt":{"rendered":"<p>Aoste Plus, le bon go\u00fbt d\u2019Aoste avec moins de gras. Ce salami, avec le go\u00fbt sup\u00e9rieur bien connu d\u2019Aoste, contient 30% de mati\u00e8res grasses en moins! Pas seulement bon de go\u00fbt, mais aussi plus sain! De plus, le salami ne contient pas de nitrites ajout\u00e9s, [&hellip;]<\/p>\n","protected":false},"featured_media":7511,"template":"","meta":[],"product_cat":[65,44],"product_tag":[],"acf":[],"yoast_head":"<!-- This site is optimized with the Yoast SEO plugin v21.1 - https:\/\/yoast.com\/wordpress\/plugins\/seo\/ -->\n<title>Aoste Plus Salami | Aoste<\/title>\n<meta name=\"description\" content=\"Ontdek Aoste Plus, ons nieuwe gamma met niets dan pluspunten:\u00a0je vertrouwde Aoste smaak + minder vet + groenten.\u00a0\" \/>\n<meta name=\"robots\" content=\"index, follow, max-snippet:-1, max-image-preview:large, max-video-preview:-1\" \/>\n<link rel=\"canonical\" href=\"https:\/\/www.aoste.be\/fr\/produit\/aoste-plus-salami\/\" \/>\n<meta property=\"og:locale\" content=\"fr_FR\" \/>\n<meta property=\"og:type\" content=\"article\" \/>\n<meta property=\"og:title\" content=\"Aoste Plus Salami | Aoste\" \/>\n<meta property=\"og:description\" content=\"Ontdek Aoste Plus, ons nieuwe gamma met niets dan pluspunten:\u00a0je vertrouwde Aoste smaak + minder vet + groenten.\u00a0\" \/>\n<meta property=\"og:url\" content=\"https:\/\/www.aoste.be\/fr\/produit\/aoste-plus-salami\/\" \/>\n<meta property=\"og:site_name\" content=\"Aoste\" \/>\n<meta property=\"article:publisher\" content=\"https:\/\/www.facebook.com\/Aoste.Belgium\/\" \/>\n<meta property=\"article:modified_time\" content=\"2022-03-18T10:57:26+00:00\" \/>\n<meta property=\"og:image\" content=\"https:\/\/www.aoste.be\/wp-content\/uploads\/2022\/03\/aoste_plus_salami_1000.jpg\" \/>\n\t<meta property=\"og:image:width\" content=\"1000\" \/>\n\t<meta property=\"og:image:height\" content=\"1000\" \/>\n\t<meta property=\"og:image:type\" content=\"image\/jpeg\" \/>\n<meta name=\"twitter:card\" content=\"summary_large_image\" \/>\n<script type=\"application\/ld+json\" class=\"yoast-schema-graph\">{\"@context\":\"https:\/\/schema.org\",\"@graph\":[{\"@type\":\"WebPage\",\"@id\":\"https:\/\/www.aoste.be\/fr\/produit\/aoste-plus-salami\/\",\"url\":\"https:\/\/www.aoste.be\/fr\/produit\/aoste-plus-salami\/\",\"name\":\"Aoste Plus Salami | Aoste\",\"isPartOf\":{\"@id\":\"https:\/\/www.aoste.be\/#website\"},\"datePublished\":\"2022-03-18T08:46:46+00:00\",\"dateModified\":\"2022-03-18T10:57:26+00:00\",\"description\":\"Ontdek Aoste Plus, ons nieuwe gamma met niets dan pluspunten:\u00a0je vertrouwde Aoste smaak + minder vet + groenten.\u00a0\",\"breadcrumb\":{\"@id\":\"https:\/\/www.aoste.be\/fr\/produit\/aoste-plus-salami\/#breadcrumb\"},\"inLanguage\":\"fr-FR\",\"potentialAction\":[{\"@type\":\"ReadAction\",\"target\":[\"https:\/\/www.aoste.be\/fr\/produit\/aoste-plus-salami\/\"]}]},{\"@type\":\"BreadcrumbList\",\"@id\":\"https:\/\/www.aoste.be\/fr\/produit\/aoste-plus-salami\/#breadcrumb\",\"itemListElement\":[{\"@type\":\"ListItem\",\"position\":1,\"name\":\"Home\",\"item\":\"https:\/\/www.aostecharcuterie.be\/fr\/\"},{\"@type\":\"ListItem\",\"position\":2,\"name\":\"Producten\",\"item\":\"https:\/\/www.aostecharcuterie.be\/shop\/\"},{\"@type\":\"ListItem\",\"position\":3,\"name\":\"Aoste Plus Salami\"}]},{\"@type\":\"WebSite\",\"@id\":\"https:\/\/www.aoste.be\/#website\",\"url\":\"https:\/\/www.aoste.be\/\",\"name\":\"Aoste\",\"description\":\"Altijd bereid om beter te doen.\",\"publisher\":{\"@id\":\"https:\/\/www.aoste.be\/#organization\"},\"potentialAction\":[{\"@type\":\"SearchAction\",\"target\":{\"@type\":\"EntryPoint\",\"urlTemplate\":\"https:\/\/www.aoste.be\/?s={search_term_string}\"},\"query-input\":\"required name=search_term_string\"}],\"inLanguage\":\"fr-FR\"},{\"@type\":\"Organization\",\"@id\":\"https:\/\/www.aoste.be\/#organization\",\"name\":\"Aoste\",\"url\":\"https:\/\/www.aoste.be\/\",\"logo\":{\"@type\":\"ImageObject\",\"inLanguage\":\"fr-FR\",\"@id\":\"https:\/\/www.aoste.be\/#\/schema\/logo\/image\/\",\"url\":\"https:\/\/www.aostecharcuterie.be\/wp-content\/uploads\/2019\/11\/aoste_logo.png\",\"contentUrl\":\"https:\/\/www.aostecharcuterie.be\/wp-content\/uploads\/2019\/11\/aoste_logo.png\",\"width\":150,\"height\":150,\"caption\":\"Aoste\"},\"image\":{\"@id\":\"https:\/\/www.aoste.be\/#\/schema\/logo\/image\/\"},\"sameAs\":[\"https:\/\/www.facebook.com\/Aoste.Belgium\/\",\"https:\/\/www.instagram.com\/aoste.be\"]}]}<\/script>\n<!-- \/ Yoast SEO plugin. -->","yoast_head_json":{"title":"Aoste Plus Salami | Aoste","description":"Ontdek Aoste Plus, ons nieuwe gamma met niets dan pluspunten:\u00a0je vertrouwde Aoste smaak + minder vet + groenten.\u00a0","robots":{"index":"index","follow":"follow","max-snippet":"max-snippet:-1","max-image-preview":"max-image-preview:large","max-video-preview":"max-video-preview:-1"},"canonical":"https:\/\/www.aoste.be\/fr\/produit\/aoste-plus-salami\/","og_locale":"fr_FR","og_type":"article","og_title":"Aoste Plus Salami | Aoste","og_description":"Ontdek Aoste Plus, ons nieuwe gamma met niets dan pluspunten:\u00a0je vertrouwde Aoste smaak + minder vet + groenten.\u00a0","og_url":"https:\/\/www.aoste.be\/fr\/produit\/aoste-plus-salami\/","og_site_name":"Aoste","article_publisher":"https:\/\/www.facebook.com\/Aoste.Belgium\/","article_modified_time":"2022-03-18T10:57:26+00:00","og_image":[{"width":1000,"height":1000,"url":"https:\/\/www.aoste.be\/wp-content\/uploads\/2022\/03\/aoste_plus_salami_1000.jpg","type":"image\/jpeg"}],"twitter_card":"summary_large_image","schema":{"@context":"https:\/\/schema.org","@graph":[{"@type":"WebPage","@id":"https:\/\/www.aoste.be\/fr\/produit\/aoste-plus-salami\/","url":"https:\/\/www.aoste.be\/fr\/produit\/aoste-plus-salami\/","name":"Aoste Plus Salami | Aoste","isPartOf":{"@id":"https:\/\/www.aoste.be\/#website"},"datePublished":"2022-03-18T08:46:46+00:00","dateModified":"2022-03-18T10:57:26+00:00","description":"Ontdek Aoste Plus, ons nieuwe gamma met niets dan pluspunten:\u00a0je vertrouwde Aoste smaak + minder vet + groenten.\u00a0","breadcrumb":{"@id":"https:\/\/www.aoste.be\/fr\/produit\/aoste-plus-salami\/#breadcrumb"},"inLanguage":"fr-FR","potentialAction":[{"@type":"ReadAction","target":["https:\/\/www.aoste.be\/fr\/produit\/aoste-plus-salami\/"]}]},{"@type":"BreadcrumbList","@id":"https:\/\/www.aoste.be\/fr\/produit\/aoste-plus-salami\/#breadcrumb","itemListElement":[{"@type":"ListItem","position":1,"name":"Home","item":"https:\/\/www.aostecharcuterie.be\/fr\/"},{"@type":"ListItem","position":2,"name":"Producten","item":"https:\/\/www.aostecharcuterie.be\/shop\/"},{"@type":"ListItem","position":3,"name":"Aoste Plus Salami"}]},{"@type":"WebSite","@id":"https:\/\/www.aoste.be\/#website","url":"https:\/\/www.aoste.be\/","name":"Aoste","description":"Altijd bereid om beter te doen.","publisher":{"@id":"https:\/\/www.aoste.be\/#organization"},"potentialAction":[{"@type":"SearchAction","target":{"@type":"EntryPoint","urlTemplate":"https:\/\/www.aoste.be\/?s={search_term_string}"},"query-input":"required name=search_term_string"}],"inLanguage":"fr-FR"},{"@type":"Organization","@id":"https:\/\/www.aoste.be\/#organization","name":"Aoste","url":"https:\/\/www.aoste.be\/","logo":{"@type":"ImageObject","inLanguage":"fr-FR","@id":"https:\/\/www.aoste.be\/#\/schema\/logo\/image\/","url":"https:\/\/www.aostecharcuterie.be\/wp-content\/uploads\/2019\/11\/aoste_logo.png","contentUrl":"https:\/\/www.aostecharcuterie.be\/wp-content\/uploads\/2019\/11\/aoste_logo.png","width":150,"height":150,"caption":"Aoste"},"image":{"@id":"https:\/\/www.aoste.be\/#\/schema\/logo\/image\/"},"sameAs":["https:\/\/www.facebook.com\/Aoste.Belgium\/","https:\/\/www.instagram.com\/aoste.be"]}]}},"_links":{"self":[{"href":"https:\/\/www.aoste.be\/fr\/wp-json\/wp\/v2\/product\/5403"}],"collection":[{"href":"https:\/\/www.aoste.be\/fr\/wp-json\/wp\/v2\/product"}],"about":[{"href":"https:\/\/www.aoste.be\/fr\/wp-json\/wp\/v2\/types\/product"}],"wp:featuredmedia":[{"embeddable":true,"href":"https:\/\/www.aoste.be\/fr\/wp-json\/wp\/v2\/media\/7511"}],"wp:attachment":[{"href":"https:\/\/www.aoste.be\/fr\/wp-json\/wp\/v2\/media?parent=5403"}],"wp:term":[{"taxonomy":"product_cat","embeddable":true,"href":"https:\/\/www.aoste.be\/fr\/wp-json\/wp\/v2\/product_cat?post=5403"},{"taxonomy":"product_tag","embeddable":true,"href":"https:\/\/www.aoste.be\/fr\/wp-json\/wp\/v2\/product_tag?post=5403"}],"curies":[{"name":"wp","href":"https:\/\/api.w.org\/{rel}","templated":true}]}}