{"id":5404,"date":"2022-03-18T08:37:09","date_gmt":"2022-03-18T08:37:09","guid":{"rendered":"https:\/\/www.aoste.be\/product\/aoste-plus-jambon-cuit\/"},"modified":"2023-02-03T10:31:15","modified_gmt":"2023-02-03T08:31:15","slug":"aoste-plus-jambon-cuit","status":"publish","type":"product","link":"https:\/\/www.aoste.be\/fr\/produit\/aoste-plus-jambon-cuit\/","title":{"rendered":"Aoste Plus Jambon cuit"},"content":{"rendered":"<p>Aoste Plus, le bon go\u00fbt d\u2019Aoste avec moins de gras et le meilleur nutri-score.<\/p>\n<p>Ce jambon cuit d\u00e9graiss\u00e9, avec le go\u00fbt sup\u00e9rieur bien connu d\u2019Aoste, contient seulement 1,9% de mati\u00e8res grasses!<br \/>\nPas seulement bon de go\u00fbt, mais aussi bon pour votre sant\u00e9! De plus, le jambon cuit d\u00e9graiss\u00e9 ne contient pas de nitrites ajout\u00e9s et affiche l\u2019excellent nutri-score A.<\/p>\n","protected":false},"excerpt":{"rendered":"<p>Aoste Plus, le bon go\u00fbt d\u2019Aoste avec moins de gras et le meilleur nutri-score. Ce jambon cuit d\u00e9graiss\u00e9, avec le go\u00fbt sup\u00e9rieur bien connu d\u2019Aoste, contient seulement 1,9% de mati\u00e8res grasses! Pas seulement bon de go\u00fbt, mais aussi bon pour votre sant\u00e9! De plus, le [&hellip;]<\/p>\n","protected":false},"featured_media":7502,"template":"","meta":[],"product_cat":[65,44],"product_tag":[],"acf":[],"yoast_head":"<!-- This site is optimized with the Yoast SEO plugin v21.1 - https:\/\/yoast.com\/wordpress\/plugins\/seo\/ -->\n<title>Aoste Plus Jambon cuit | Aoste<\/title>\n<meta name=\"description\" content=\"Ontdek Aoste Plus, ons nieuwe gamma met niets dan pluspunten:\u00a0je vertrouwde Aoste smaak + minder vet + groenten.\u00a0\" \/>\n<meta name=\"robots\" content=\"index, follow, max-snippet:-1, max-image-preview:large, max-video-preview:-1\" \/>\n<link rel=\"canonical\" href=\"https:\/\/www.aostecharcuterie.be\/fr\/produit\/aoste-plus-jambon-cuit\/\" \/>\n<meta property=\"og:locale\" content=\"fr_FR\" \/>\n<meta property=\"og:type\" content=\"article\" \/>\n<meta property=\"og:title\" content=\"Aoste Plus Jambon cuit | Aoste\" \/>\n<meta property=\"og:description\" content=\"Ontdek Aoste Plus, ons nieuwe gamma met niets dan pluspunten:\u00a0je vertrouwde Aoste smaak + minder vet + groenten.\u00a0\" \/>\n<meta property=\"og:url\" content=\"https:\/\/www.aostecharcuterie.be\/fr\/produit\/aoste-plus-jambon-cuit\/\" \/>\n<meta property=\"og:site_name\" content=\"Aoste\" \/>\n<meta property=\"article:publisher\" content=\"https:\/\/www.facebook.com\/Aoste.Belgium\/\" \/>\n<meta property=\"article:modified_time\" content=\"2023-02-03T08:31:15+00:00\" \/>\n<meta property=\"og:image\" content=\"https:\/\/www.aostecharcuterie.be\/wp-content\/uploads\/2022\/03\/aoste_plus_ham_ontvet_1000.jpg\" \/>\n\t<meta property=\"og:image:width\" content=\"1000\" \/>\n\t<meta property=\"og:image:height\" content=\"1000\" \/>\n\t<meta property=\"og:image:type\" content=\"image\/jpeg\" \/>\n<meta name=\"twitter:card\" content=\"summary_large_image\" \/>\n<meta name=\"twitter:label1\" content=\"Dur\u00e9e de lecture estim\u00e9e\" \/>\n\t<meta name=\"twitter:data1\" content=\"1 minute\" \/>\n<script type=\"application\/ld+json\" class=\"yoast-schema-graph\">{\"@context\":\"https:\/\/schema.org\",\"@graph\":[{\"@type\":\"WebPage\",\"@id\":\"https:\/\/www.aostecharcuterie.be\/fr\/produit\/aoste-plus-jambon-cuit\/\",\"url\":\"https:\/\/www.aostecharcuterie.be\/fr\/produit\/aoste-plus-jambon-cuit\/\",\"name\":\"Aoste Plus Jambon cuit | Aoste\",\"isPartOf\":{\"@id\":\"https:\/\/www.aoste.be\/#website\"},\"datePublished\":\"2022-03-18T08:37:09+00:00\",\"dateModified\":\"2023-02-03T08:31:15+00:00\",\"description\":\"Ontdek Aoste Plus, ons nieuwe gamma met niets dan pluspunten:\u00a0je vertrouwde Aoste smaak + minder vet + groenten.\u00a0\",\"breadcrumb\":{\"@id\":\"https:\/\/www.aostecharcuterie.be\/fr\/produit\/aoste-plus-jambon-cuit\/#breadcrumb\"},\"inLanguage\":\"fr-FR\",\"potentialAction\":[{\"@type\":\"ReadAction\",\"target\":[\"https:\/\/www.aostecharcuterie.be\/fr\/produit\/aoste-plus-jambon-cuit\/\"]}]},{\"@type\":\"BreadcrumbList\",\"@id\":\"https:\/\/www.aostecharcuterie.be\/fr\/produit\/aoste-plus-jambon-cuit\/#breadcrumb\",\"itemListElement\":[{\"@type\":\"ListItem\",\"position\":1,\"name\":\"Home\",\"item\":\"https:\/\/www.aoste.be\/fr\/\"},{\"@type\":\"ListItem\",\"position\":2,\"name\":\"Produits\",\"item\":\"https:\/\/www.aoste.be\/fr\/shop\/\"},{\"@type\":\"ListItem\",\"position\":3,\"name\":\"Aoste Plus Jambon cuit\"}]},{\"@type\":\"WebSite\",\"@id\":\"https:\/\/www.aoste.be\/#website\",\"url\":\"https:\/\/www.aoste.be\/\",\"name\":\"Aoste\",\"description\":\"Altijd bereid om beter te doen.\",\"publisher\":{\"@id\":\"https:\/\/www.aoste.be\/#organization\"},\"potentialAction\":[{\"@type\":\"SearchAction\",\"target\":{\"@type\":\"EntryPoint\",\"urlTemplate\":\"https:\/\/www.aoste.be\/?s={search_term_string}\"},\"query-input\":\"required name=search_term_string\"}],\"inLanguage\":\"fr-FR\"},{\"@type\":\"Organization\",\"@id\":\"https:\/\/www.aoste.be\/#organization\",\"name\":\"Aoste\",\"url\":\"https:\/\/www.aoste.be\/\",\"logo\":{\"@type\":\"ImageObject\",\"inLanguage\":\"fr-FR\",\"@id\":\"https:\/\/www.aoste.be\/#\/schema\/logo\/image\/\",\"url\":\"https:\/\/www.aostecharcuterie.be\/wp-content\/uploads\/2019\/11\/aoste_logo.png\",\"contentUrl\":\"https:\/\/www.aostecharcuterie.be\/wp-content\/uploads\/2019\/11\/aoste_logo.png\",\"width\":150,\"height\":150,\"caption\":\"Aoste\"},\"image\":{\"@id\":\"https:\/\/www.aoste.be\/#\/schema\/logo\/image\/\"},\"sameAs\":[\"https:\/\/www.facebook.com\/Aoste.Belgium\/\",\"https:\/\/www.instagram.com\/aoste.be\"]}]}<\/script>\n<!-- \/ Yoast SEO plugin. -->","yoast_head_json":{"title":"Aoste Plus Jambon cuit | Aoste","description":"Ontdek Aoste Plus, ons nieuwe gamma met niets dan pluspunten:\u00a0je vertrouwde Aoste smaak + minder vet + groenten.\u00a0","robots":{"index":"index","follow":"follow","max-snippet":"max-snippet:-1","max-image-preview":"max-image-preview:large","max-video-preview":"max-video-preview:-1"},"canonical":"https:\/\/www.aostecharcuterie.be\/fr\/produit\/aoste-plus-jambon-cuit\/","og_locale":"fr_FR","og_type":"article","og_title":"Aoste Plus Jambon cuit | Aoste","og_description":"Ontdek Aoste Plus, ons nieuwe gamma met niets dan pluspunten:\u00a0je vertrouwde Aoste smaak + minder vet + groenten.\u00a0","og_url":"https:\/\/www.aostecharcuterie.be\/fr\/produit\/aoste-plus-jambon-cuit\/","og_site_name":"Aoste","article_publisher":"https:\/\/www.facebook.com\/Aoste.Belgium\/","article_modified_time":"2023-02-03T08:31:15+00:00","og_image":[{"width":1000,"height":1000,"url":"https:\/\/www.aostecharcuterie.be\/wp-content\/uploads\/2022\/03\/aoste_plus_ham_ontvet_1000.jpg","type":"image\/jpeg"}],"twitter_card":"summary_large_image","twitter_misc":{"Dur\u00e9e de lecture estim\u00e9e":"1 minute"},"schema":{"@context":"https:\/\/schema.org","@graph":[{"@type":"WebPage","@id":"https:\/\/www.aostecharcuterie.be\/fr\/produit\/aoste-plus-jambon-cuit\/","url":"https:\/\/www.aostecharcuterie.be\/fr\/produit\/aoste-plus-jambon-cuit\/","name":"Aoste Plus Jambon cuit | Aoste","isPartOf":{"@id":"https:\/\/www.aoste.be\/#website"},"datePublished":"2022-03-18T08:37:09+00:00","dateModified":"2023-02-03T08:31:15+00:00","description":"Ontdek Aoste Plus, ons nieuwe gamma met niets dan pluspunten:\u00a0je vertrouwde Aoste smaak + minder vet + groenten.\u00a0","breadcrumb":{"@id":"https:\/\/www.aostecharcuterie.be\/fr\/produit\/aoste-plus-jambon-cuit\/#breadcrumb"},"inLanguage":"fr-FR","potentialAction":[{"@type":"ReadAction","target":["https:\/\/www.aostecharcuterie.be\/fr\/produit\/aoste-plus-jambon-cuit\/"]}]},{"@type":"BreadcrumbList","@id":"https:\/\/www.aostecharcuterie.be\/fr\/produit\/aoste-plus-jambon-cuit\/#breadcrumb","itemListElement":[{"@type":"ListItem","position":1,"name":"Home","item":"https:\/\/www.aoste.be\/fr\/"},{"@type":"ListItem","position":2,"name":"Produits","item":"https:\/\/www.aoste.be\/fr\/shop\/"},{"@type":"ListItem","position":3,"name":"Aoste Plus Jambon cuit"}]},{"@type":"WebSite","@id":"https:\/\/www.aoste.be\/#website","url":"https:\/\/www.aoste.be\/","name":"Aoste","description":"Altijd bereid om beter te doen.","publisher":{"@id":"https:\/\/www.aoste.be\/#organization"},"potentialAction":[{"@type":"SearchAction","target":{"@type":"EntryPoint","urlTemplate":"https:\/\/www.aoste.be\/?s={search_term_string}"},"query-input":"required name=search_term_string"}],"inLanguage":"fr-FR"},{"@type":"Organization","@id":"https:\/\/www.aoste.be\/#organization","name":"Aoste","url":"https:\/\/www.aoste.be\/","logo":{"@type":"ImageObject","inLanguage":"fr-FR","@id":"https:\/\/www.aoste.be\/#\/schema\/logo\/image\/","url":"https:\/\/www.aostecharcuterie.be\/wp-content\/uploads\/2019\/11\/aoste_logo.png","contentUrl":"https:\/\/www.aostecharcuterie.be\/wp-content\/uploads\/2019\/11\/aoste_logo.png","width":150,"height":150,"caption":"Aoste"},"image":{"@id":"https:\/\/www.aoste.be\/#\/schema\/logo\/image\/"},"sameAs":["https:\/\/www.facebook.com\/Aoste.Belgium\/","https:\/\/www.instagram.com\/aoste.be"]}]}},"_links":{"self":[{"href":"https:\/\/www.aoste.be\/fr\/wp-json\/wp\/v2\/product\/5404"}],"collection":[{"href":"https:\/\/www.aoste.be\/fr\/wp-json\/wp\/v2\/product"}],"about":[{"href":"https:\/\/www.aoste.be\/fr\/wp-json\/wp\/v2\/types\/product"}],"wp:featuredmedia":[{"embeddable":true,"href":"https:\/\/www.aoste.be\/fr\/wp-json\/wp\/v2\/media\/7502"}],"wp:attachment":[{"href":"https:\/\/www.aoste.be\/fr\/wp-json\/wp\/v2\/media?parent=5404"}],"wp:term":[{"taxonomy":"product_cat","embeddable":true,"href":"https:\/\/www.aoste.be\/fr\/wp-json\/wp\/v2\/product_cat?post=5404"},{"taxonomy":"product_tag","embeddable":true,"href":"https:\/\/www.aoste.be\/fr\/wp-json\/wp\/v2\/product_tag?post=5404"}],"curies":[{"name":"wp","href":"https:\/\/api.w.org\/{rel}","templated":true}]}}