{"id":7344,"date":"2023-03-27T07:00:06","date_gmt":"2023-03-27T05:00:06","guid":{"rendered":"https:\/\/www.aoste.be\/?post_type=product&#038;p=7344"},"modified":"2023-03-29T10:04:41","modified_gmt":"2023-03-29T08:04:41","slug":"aoste-plus-pate","status":"publish","type":"product","link":"https:\/\/www.aoste.be\/fr\/produit\/aoste-plus-pate\/","title":{"rendered":"Aoste Plus Pat\u00e9"},"content":{"rendered":"","protected":false},"excerpt":{"rendered":"<p>Aoste Plus, 100% de go\u00fbt Aoste avec moins de graisse et un Nutri-Score B<\/p>\n<p>Ce P\u00e2t\u00e9 Aoste Plus, au go\u00fbt sup\u00e9rieur bien connu d\u2019Aoste, contient moins de graisse que d\u2019autres produits du march\u00e9 ! Outre la saveur authentique d\u2019Aoste, ce P\u00e2t\u00e9 est le num\u00e9ro un de sa cat\u00e9gorie, avec un Nutri-Score B ! Parfait pour un repas sain et savoureux !<\/p>\n","protected":false},"featured_media":7499,"template":"","meta":[],"product_cat":[65,44],"product_tag":[],"acf":[],"yoast_head":"<!-- This site is optimized with the Yoast SEO plugin v21.1 - https:\/\/yoast.com\/wordpress\/plugins\/seo\/ -->\n<title>Aoste Plus Pat\u00e9 | Aoste<\/title>\n<meta name=\"robots\" content=\"index, follow, max-snippet:-1, max-image-preview:large, max-video-preview:-1\" \/>\n<link rel=\"canonical\" href=\"https:\/\/www.aostecharcuterie.be\/fr\/produit\/aoste-plus-pate\/\" \/>\n<meta property=\"og:locale\" content=\"fr_FR\" \/>\n<meta property=\"og:type\" content=\"article\" \/>\n<meta property=\"og:title\" content=\"Aoste Plus Pat\u00e9 | Aoste\" \/>\n<meta property=\"og:description\" content=\"Aoste Plus, 100% de go\u00fbt Aoste avec moins de graisse et un Nutri-Score B  Ce P\u00e2t\u00e9 Aoste Plus, au go\u00fbt sup\u00e9rieur bien connu d\u2019Aoste, contient moins de graisse que d\u2019autres produits du march\u00e9 ! Outre la saveur authentique d\u2019Aoste, ce P\u00e2t\u00e9 est le num\u00e9ro un de sa cat\u00e9gorie, avec un Nutri-Score B ! Parfait pour un repas sain et savoureux !\" \/>\n<meta property=\"og:url\" content=\"https:\/\/www.aostecharcuterie.be\/fr\/produit\/aoste-plus-pate\/\" \/>\n<meta property=\"og:site_name\" content=\"Aoste\" \/>\n<meta property=\"article:publisher\" content=\"https:\/\/www.facebook.com\/Aoste.Belgium\/\" \/>\n<meta property=\"article:modified_time\" content=\"2023-03-29T08:04:41+00:00\" \/>\n<meta property=\"og:image\" content=\"https:\/\/www.aostecharcuterie.be\/wp-content\/uploads\/2023\/03\/aoste_plus_pate_1000.jpg\" \/>\n\t<meta property=\"og:image:width\" content=\"1000\" \/>\n\t<meta property=\"og:image:height\" content=\"1000\" \/>\n\t<meta property=\"og:image:type\" content=\"image\/jpeg\" \/>\n<meta name=\"twitter:card\" content=\"summary_large_image\" \/>\n<script type=\"application\/ld+json\" class=\"yoast-schema-graph\">{\"@context\":\"https:\/\/schema.org\",\"@graph\":[{\"@type\":\"WebPage\",\"@id\":\"https:\/\/www.aostecharcuterie.be\/fr\/produit\/aoste-plus-pate\/\",\"url\":\"https:\/\/www.aostecharcuterie.be\/fr\/produit\/aoste-plus-pate\/\",\"name\":\"Aoste Plus Pat\u00e9 | Aoste\",\"isPartOf\":{\"@id\":\"https:\/\/www.aoste.be\/#website\"},\"datePublished\":\"2023-03-27T05:00:06+00:00\",\"dateModified\":\"2023-03-29T08:04:41+00:00\",\"breadcrumb\":{\"@id\":\"https:\/\/www.aostecharcuterie.be\/fr\/produit\/aoste-plus-pate\/#breadcrumb\"},\"inLanguage\":\"fr-FR\",\"potentialAction\":[{\"@type\":\"ReadAction\",\"target\":[\"https:\/\/www.aostecharcuterie.be\/fr\/produit\/aoste-plus-pate\/\"]}]},{\"@type\":\"BreadcrumbList\",\"@id\":\"https:\/\/www.aostecharcuterie.be\/fr\/produit\/aoste-plus-pate\/#breadcrumb\",\"itemListElement\":[{\"@type\":\"ListItem\",\"position\":1,\"name\":\"Home\",\"item\":\"https:\/\/www.aostecharcuterie.be\/fr\/\"},{\"@type\":\"ListItem\",\"position\":2,\"name\":\"Producten\",\"item\":\"https:\/\/www.aostecharcuterie.be\/shop\/\"},{\"@type\":\"ListItem\",\"position\":3,\"name\":\"Aoste Plus Pat\u00e9\"}]},{\"@type\":\"WebSite\",\"@id\":\"https:\/\/www.aoste.be\/#website\",\"url\":\"https:\/\/www.aoste.be\/\",\"name\":\"Aoste\",\"description\":\"Altijd bereid om beter te doen.\",\"publisher\":{\"@id\":\"https:\/\/www.aoste.be\/#organization\"},\"potentialAction\":[{\"@type\":\"SearchAction\",\"target\":{\"@type\":\"EntryPoint\",\"urlTemplate\":\"https:\/\/www.aoste.be\/?s={search_term_string}\"},\"query-input\":\"required name=search_term_string\"}],\"inLanguage\":\"fr-FR\"},{\"@type\":\"Organization\",\"@id\":\"https:\/\/www.aoste.be\/#organization\",\"name\":\"Aoste\",\"url\":\"https:\/\/www.aoste.be\/\",\"logo\":{\"@type\":\"ImageObject\",\"inLanguage\":\"fr-FR\",\"@id\":\"https:\/\/www.aoste.be\/#\/schema\/logo\/image\/\",\"url\":\"https:\/\/www.aostecharcuterie.be\/wp-content\/uploads\/2019\/11\/aoste_logo.png\",\"contentUrl\":\"https:\/\/www.aostecharcuterie.be\/wp-content\/uploads\/2019\/11\/aoste_logo.png\",\"width\":150,\"height\":150,\"caption\":\"Aoste\"},\"image\":{\"@id\":\"https:\/\/www.aoste.be\/#\/schema\/logo\/image\/\"},\"sameAs\":[\"https:\/\/www.facebook.com\/Aoste.Belgium\/\",\"https:\/\/www.instagram.com\/aoste.be\"]}]}<\/script>\n<!-- \/ Yoast SEO plugin. -->","yoast_head_json":{"title":"Aoste Plus Pat\u00e9 | Aoste","robots":{"index":"index","follow":"follow","max-snippet":"max-snippet:-1","max-image-preview":"max-image-preview:large","max-video-preview":"max-video-preview:-1"},"canonical":"https:\/\/www.aostecharcuterie.be\/fr\/produit\/aoste-plus-pate\/","og_locale":"fr_FR","og_type":"article","og_title":"Aoste Plus Pat\u00e9 | Aoste","og_description":"Aoste Plus, 100% de go\u00fbt Aoste avec moins de graisse et un Nutri-Score B  Ce P\u00e2t\u00e9 Aoste Plus, au go\u00fbt sup\u00e9rieur bien connu d\u2019Aoste, contient moins de graisse que d\u2019autres produits du march\u00e9 ! Outre la saveur authentique d\u2019Aoste, ce P\u00e2t\u00e9 est le num\u00e9ro un de sa cat\u00e9gorie, avec un Nutri-Score B ! Parfait pour un repas sain et savoureux !","og_url":"https:\/\/www.aostecharcuterie.be\/fr\/produit\/aoste-plus-pate\/","og_site_name":"Aoste","article_publisher":"https:\/\/www.facebook.com\/Aoste.Belgium\/","article_modified_time":"2023-03-29T08:04:41+00:00","og_image":[{"width":1000,"height":1000,"url":"https:\/\/www.aostecharcuterie.be\/wp-content\/uploads\/2023\/03\/aoste_plus_pate_1000.jpg","type":"image\/jpeg"}],"twitter_card":"summary_large_image","schema":{"@context":"https:\/\/schema.org","@graph":[{"@type":"WebPage","@id":"https:\/\/www.aostecharcuterie.be\/fr\/produit\/aoste-plus-pate\/","url":"https:\/\/www.aostecharcuterie.be\/fr\/produit\/aoste-plus-pate\/","name":"Aoste Plus Pat\u00e9 | Aoste","isPartOf":{"@id":"https:\/\/www.aoste.be\/#website"},"datePublished":"2023-03-27T05:00:06+00:00","dateModified":"2023-03-29T08:04:41+00:00","breadcrumb":{"@id":"https:\/\/www.aostecharcuterie.be\/fr\/produit\/aoste-plus-pate\/#breadcrumb"},"inLanguage":"fr-FR","potentialAction":[{"@type":"ReadAction","target":["https:\/\/www.aostecharcuterie.be\/fr\/produit\/aoste-plus-pate\/"]}]},{"@type":"BreadcrumbList","@id":"https:\/\/www.aostecharcuterie.be\/fr\/produit\/aoste-plus-pate\/#breadcrumb","itemListElement":[{"@type":"ListItem","position":1,"name":"Home","item":"https:\/\/www.aostecharcuterie.be\/fr\/"},{"@type":"ListItem","position":2,"name":"Producten","item":"https:\/\/www.aostecharcuterie.be\/shop\/"},{"@type":"ListItem","position":3,"name":"Aoste Plus Pat\u00e9"}]},{"@type":"WebSite","@id":"https:\/\/www.aoste.be\/#website","url":"https:\/\/www.aoste.be\/","name":"Aoste","description":"Altijd bereid om beter te doen.","publisher":{"@id":"https:\/\/www.aoste.be\/#organization"},"potentialAction":[{"@type":"SearchAction","target":{"@type":"EntryPoint","urlTemplate":"https:\/\/www.aoste.be\/?s={search_term_string}"},"query-input":"required name=search_term_string"}],"inLanguage":"fr-FR"},{"@type":"Organization","@id":"https:\/\/www.aoste.be\/#organization","name":"Aoste","url":"https:\/\/www.aoste.be\/","logo":{"@type":"ImageObject","inLanguage":"fr-FR","@id":"https:\/\/www.aoste.be\/#\/schema\/logo\/image\/","url":"https:\/\/www.aostecharcuterie.be\/wp-content\/uploads\/2019\/11\/aoste_logo.png","contentUrl":"https:\/\/www.aostecharcuterie.be\/wp-content\/uploads\/2019\/11\/aoste_logo.png","width":150,"height":150,"caption":"Aoste"},"image":{"@id":"https:\/\/www.aoste.be\/#\/schema\/logo\/image\/"},"sameAs":["https:\/\/www.facebook.com\/Aoste.Belgium\/","https:\/\/www.instagram.com\/aoste.be"]}]}},"_links":{"self":[{"href":"https:\/\/www.aoste.be\/fr\/wp-json\/wp\/v2\/product\/7344"}],"collection":[{"href":"https:\/\/www.aoste.be\/fr\/wp-json\/wp\/v2\/product"}],"about":[{"href":"https:\/\/www.aoste.be\/fr\/wp-json\/wp\/v2\/types\/product"}],"wp:featuredmedia":[{"embeddable":true,"href":"https:\/\/www.aoste.be\/fr\/wp-json\/wp\/v2\/media\/7499"}],"wp:attachment":[{"href":"https:\/\/www.aoste.be\/fr\/wp-json\/wp\/v2\/media?parent=7344"}],"wp:term":[{"taxonomy":"product_cat","embeddable":true,"href":"https:\/\/www.aoste.be\/fr\/wp-json\/wp\/v2\/product_cat?post=7344"},{"taxonomy":"product_tag","embeddable":true,"href":"https:\/\/www.aoste.be\/fr\/wp-json\/wp\/v2\/product_tag?post=7344"}],"curies":[{"name":"wp","href":"https:\/\/api.w.org\/{rel}","templated":true}]}}